{"id":844,"date":"2022-11-20T17:27:36","date_gmt":"2022-11-20T16:27:36","guid":{"rendered":"https:\/\/nwps.ihf.de\/?page_id=844"},"modified":"2024-08-01T09:15:42","modified_gmt":"2024-08-01T07:15:42","slug":"stiftung","status":"publish","type":"page","link":"https:\/\/www.ihf.de\/en\/stiftung\/","title":{"rendered":"Stiftung"},"content":{"rendered":"<p>[et_pb_section fb_built=&#8220;1&#8243; _builder_version=&#8220;4.19.1&#8243; _module_preset=&#8220;default&#8220; custom_padding=&#8220;||13px|||&#8220; locked=&#8220;off&#8220; global_colors_info=&#8220;{}&#8220;][et_pb_row make_equal=&#8220;on&#8220; disabled_on=&#8220;off|off|off&#8220; _builder_version=&#8220;4.21.0&#8243; _module_preset=&#8220;default&#8220; background_image=&#8220;https:\/\/www.ihf.de\/wp-content\/uploads\/2023\/06\/ihf-stiftung-300.png&#8220; background_size=&#8220;custom&#8220; background_image_width=&#8220;200px&#8220; background_position=&#8220;top_right&#8220; custom_padding=&#8220;0px|||||&#8220; background_last_edited=&#8220;on|tablet&#8220; background_enable_image_phone=&#8220;off&#8220; locked=&#8220;off&#8220; global_colors_info=&#8220;{}&#8220;][et_pb_column type=&#8220;4_4&#8243; _builder_version=&#8220;4.16&#8243; _module_preset=&#8220;default&#8220; animation_style=&#8220;slide&#8220; animation_direction=&#8220;left&#8220; animation_duration=&#8220;1300ms&#8220; global_colors_info=&#8220;{}&#8220;][et_pb_text _builder_version=&#8220;4.21.0&#8243; _module_preset=&#8220;default&#8220; text_letter_spacing=&#8220;1px&#8220; custom_margin=&#8220;6px||6px||false|false&#8220; locked=&#8220;off&#8220; global_colors_info=&#8220;{}&#8220;]<\/p>\n<p>IHF Stiftung<\/p>\n<p>[\/et_pb_text][et_pb_text _builder_version=&#8220;4.16&#8243; _module_preset=&#8220;default&#8220; header_font=&#8220;PT Sans|700|||||||&#8220; header_text_color=&#8220;#324f58&#8243; header_font_size=&#8220;42px&#8220; header_line_height=&#8220;1.3em&#8220; custom_margin=&#8220;10px||20px||false|false&#8220; locked=&#8220;off&#8220; global_colors_info=&#8220;{}&#8220;]<\/p>\n<h1>Stiftungsprofil<\/h1>\n<p>[\/et_pb_text][et_pb_text _builder_version=&#8220;4.16&#8243; _module_preset=&#8220;default&#8220; text_font=&#8220;Signika|300|||||||&#8220; text_text_color=&#8220;#999999&#8243; text_line_height=&#8220;1.8em&#8220; locked=&#8220;off&#8220; global_colors_info=&#8220;{}&#8220;]<\/p>\n<p class=\"x_MsoNormal\"><span>Die Stiftung Institut f\u00fcr Herzinfarktforschung f\u00f6rdert die klinische Forschung auf dem Gebiet der Herzkreislauferkrankungen, insbesondere die Versorgungsforschung und die Qualit\u00e4tssicherung im klinischen Alltag. Als gemeinn\u00fctzige Institution versteht sich die Stiftung IHF als eine Academic Research Organisation (ARO), die auch kardiovaskul\u00e4re Forschung betreibt, die nicht durch die Industrie beauftragt wird. Hier grenzt sich die Stiftung IHF von klassischen Organisationen zur Auftragsforschung (sogenannte CRO \u2013 Contract Research Organisation) ab.<\/span><\/p>\n<p>[\/et_pb_text][et_pb_text _builder_version=&#8220;4.19.2&#8243; _module_preset=&#8220;default&#8220; text_font=&#8220;Signika|300|||||||&#8220; text_text_color=&#8220;#999999&#8243; text_line_height=&#8220;1.8em&#8220; header_4_font_size=&#8220;28px&#8220; locked=&#8220;off&#8220; global_colors_info=&#8220;{}&#8220;]<\/p>\n<h4 class=\"x_MsoNormal\"><b><span>Historie<\/span><\/b><\/h4>\n<p class=\"x_MsoNormal\"><span>Die Stiftung IHF wurde im Jahre 2000 durch Professor Dr. Jochen Senges gegr\u00fcndet. Seit diesem Zeitpunkt wurden Register und Studien initiiert und durchgef\u00fchrt, die im Ergebnis zu mehr als 1.000 Publikationen in peer-reviewed Journalen f\u00fchrten. Ein solches Ergebnis war und ist nur durch eine enge Zusammenarbeit mit den f\u00fchrenden Kardiologen in Deutschland und Europa m\u00f6glich gewesen. Dieses wissenschaftliche Netzwerk zeichnet die Stiftung IHF aus.<\/span><\/p>\n<p>[\/et_pb_text][\/et_pb_column][\/et_pb_row][\/et_pb_section][et_pb_section fb_built=&#8220;1&#8243; _builder_version=&#8220;4.16&#8243; background_enable_color=&#8220;off&#8220; custom_padding=&#8220;39px||39px||true|false&#8220; global_colors_info=&#8220;{}&#8220;][et_pb_row column_structure=&#8220;3_4,1_4&#8243; use_custom_gutter=&#8220;on&#8220; gutter_width=&#8220;2&#8243; make_equal=&#8220;on&#8220; _builder_version=&#8220;4.19.1&#8243; background_color=&#8220;#73c3d5&#8243; max_width_tablet=&#8220;90%&#8220; max_width_phone=&#8220;90%&#8220; max_width_last_edited=&#8220;on|desktop&#8220; custom_padding=&#8220;3rem|3rem|3rem|3rem|true|true&#8220; border_radii=&#8220;on|5px|5px|5px|5px&#8220; global_colors_info=&#8220;{}&#8220;][et_pb_column type=&#8220;3_4&#8243; _builder_version=&#8220;4.16&#8243; global_colors_info=&#8220;{}&#8220;][et_pb_text _builder_version=&#8220;4.21.0&#8243; text_font=&#8220;Poppins||||||||&#8220; text_text_color=&#8220;#000000&#8243; text_font_size=&#8220;15px&#8220; text_line_height=&#8220;0.9em&#8220; header_font=&#8220;Poppins|300||on|||||&#8220; header_text_align=&#8220;left&#8220; header_text_color=&#8220;#ffffff&#8220; header_font_size=&#8220;29px&#8220; header_line_height=&#8220;0.9em&#8220; header_2_font=&#8220;Signika||||||||&#8220; header_2_text_color=&#8220;#FFFFFF&#8220; custom_margin=&#8220;0px||0px||false|false&#8220; custom_padding=&#8220;||0px|||&#8220; text_line_height_tablet=&#8220;&#8220; text_line_height_phone=&#8220;1.3em&#8220; text_line_height_last_edited=&#8220;on|desktop&#8220; header_text_align_tablet=&#8220;center&#8220; header_text_align_phone=&#8220;center&#8220; header_text_align_last_edited=&#8220;on|phone&#8220; header_font_size_tablet=&#8220;20px&#8220; header_font_size_phone=&#8220;20px&#8220; header_font_size_last_edited=&#8220;on|phone&#8220; header_line_height_tablet=&#8220;&#8220; header_line_height_phone=&#8220;1.3em&#8220; header_line_height_last_edited=&#8220;on|phone&#8220; global_colors_info=&#8220;{}&#8220; text_line_height__hover_enabled=&#8220;off|desktop&#8220;]<\/p>\n<h2>Weitere Informationen<\/h2>\n<p>[\/et_pb_text][et_pb_text _builder_version=&#8220;4.21.0&#8243; text_font=&#8220;Signika|300|||||||&#8220; text_text_color=&#8220;#FFFFFF&#8220; text_font_size=&#8220;18px&#8220; text_line_height=&#8220;1.6em&#8220; custom_margin=&#8220;0px||-2px||false|false&#8220; custom_margin_tablet=&#8220;-10px||||false|false&#8220; custom_margin_phone=&#8220;-10px||||false|false&#8220; custom_margin_last_edited=&#8220;on|phone&#8220; text_line_height_tablet=&#8220;&#8220; text_line_height_phone=&#8220;1.8em&#8220; text_line_height_last_edited=&#8220;on|desktop&#8220; global_colors_info=&#8220;{}&#8220; text_line_height__hover_enabled=&#8220;off|desktop&#8220;]<\/p>\n<p>Wenn Sie mehr \u00fcber die Arbeit der Stiftung Institut f\u00fcr Herzinfarktforschung erfahren wollen, besuchen Sie die Website der Stiftung.<\/p>\n<p>[\/et_pb_text][\/et_pb_column][et_pb_column type=&#8220;1_4&#8243; _builder_version=&#8220;4.16&#8243; global_colors_info=&#8220;{}&#8220;][et_pb_button button_url=&#8220;https:\/\/stiftung-ihf.de\/&#8220; url_new_window=&#8220;on&#8220; button_text=&#8220;Mehr Erfahren&#8220; button_alignment=&#8220;right&#8220; button_alignment_tablet=&#8220;left&#8220; button_alignment_phone=&#8220;left&#8220; button_alignment_last_edited=&#8220;on|phone&#8220; _builder_version=&#8220;4.21.0&#8243; _module_preset=&#8220;default&#8220; custom_button=&#8220;on&#8220; button_text_size=&#8220;16px&#8220; button_text_color=&#8220;#FFFFFF&#8220; button_bg_color=&#8220;RGBA(0,0,0,0)&#8220; button_border_color=&#8220;#FFFFFF&#8220; button_font=&#8220;|||on|||||&#8220; button_use_icon=&#8220;off&#8220; custom_margin=&#8220;30px||||false|false&#8220; custom_padding=&#8220;10px|30px|10px|30px|true|true&#8220; locked=&#8220;off&#8220; global_colors_info=&#8220;{}&#8220; button_bg_color__hover_enabled=&#8220;on|hover&#8220; button_bg_color__hover=&#8220;#65a1bc&#8220; button_bg_enable_color__hover=&#8220;on&#8220; button_border_width__hover_enabled=&#8220;on|hover&#8220; button_border_width__hover=&#8220;0px&#8220;][\/et_pb_button][\/et_pb_column][\/et_pb_row][\/et_pb_section]<\/p>\n","protected":false},"excerpt":{"rendered":"<p>IHF StiftungStiftungsprofilDie Stiftung Institut f\u00fcr Herzinfarktforschung f\u00f6rdert die klinische Forschung auf dem Gebiet der Herzkreislauferkrankungen, insbesondere die Versorgungsforschung und die Qualit\u00e4tssicherung im klinischen Alltag. Als gemeinn\u00fctzige Institution versteht sich die Stiftung IHF als eine Academic Research Organisation (ARO), die auch kardiovaskul\u00e4re Forschung betreibt, die nicht durch die Industrie beauftragt wird. Hier grenzt sich die Stiftung IHF von klassischen Organisationen zur Auftragsforschung (sogenannte CRO \u2013 Contract Research Organisation) ab.Historie Die Stiftung IHF wurde im Jahre 2000 durch Professor Dr. Jochen Senges gegr\u00fcndet. Seit diesem Zeitpunkt wurden Register und Studien initiiert und durchgef\u00fchrt, die im Ergebnis zu mehr als 1.000 Publikationen in peer-reviewed Journalen f\u00fchrten. Ein solches Ergebnis war und ist nur durch eine enge Zusammenarbeit mit den f\u00fchrenden Kardiologen in Deutschland und Europa m\u00f6glich gewesen. Dieses wissenschaftliche Netzwerk zeichnet die Stiftung IHF aus.Weitere InformationenWenn Sie mehr \u00fcber die Arbeit der Stiftung Institut f\u00fcr Herzinfarktforschung erfahren wollen, besuchen Sie die Website der Stiftung.<\/p>","protected":false},"author":1,"featured_media":0,"parent":0,"menu_order":0,"comment_status":"closed","ping_status":"closed","template":"","meta":{"_et_pb_use_builder":"on","_et_pb_old_content":"<!-- wp:divi\/placeholder \/-->","_et_gb_content_width":"","footnotes":""},"class_list":["post-844","page","type-page","status-publish","hentry"],"_links":{"self":[{"href":"https:\/\/www.ihf.de\/en\/wp-json\/wp\/v2\/pages\/844","targetHints":{"allow":["GET"]}}],"collection":[{"href":"https:\/\/www.ihf.de\/en\/wp-json\/wp\/v2\/pages"}],"about":[{"href":"https:\/\/www.ihf.de\/en\/wp-json\/wp\/v2\/types\/page"}],"author":[{"embeddable":true,"href":"https:\/\/www.ihf.de\/en\/wp-json\/wp\/v2\/users\/1"}],"replies":[{"embeddable":true,"href":"https:\/\/www.ihf.de\/en\/wp-json\/wp\/v2\/comments?post=844"}],"version-history":[{"count":9,"href":"https:\/\/www.ihf.de\/en\/wp-json\/wp\/v2\/pages\/844\/revisions"}],"predecessor-version":[{"id":1280,"href":"https:\/\/www.ihf.de\/en\/wp-json\/wp\/v2\/pages\/844\/revisions\/1280"}],"wp:attachment":[{"href":"https:\/\/www.ihf.de\/en\/wp-json\/wp\/v2\/media?parent=844"}],"curies":[{"name":"wp","href":"https:\/\/api.w.org\/{rel}","templated":true}]}}