{"id":842,"date":"2022-11-20T17:27:16","date_gmt":"2022-11-20T16:27:16","guid":{"rendered":"https:\/\/nwps.ihf.de\/?page_id=842"},"modified":"2026-03-24T10:46:13","modified_gmt":"2026-03-24T09:46:13","slug":"ueber-uns","status":"publish","type":"page","link":"https:\/\/www.ihf.de\/en\/ueber-uns\/","title":{"rendered":"ABOUT US"},"content":{"rendered":"<p>[et_pb_section fb_built=&#8220;1&#8243; _builder_version=&#8220;4.19.1&#8243; _module_preset=&#8220;default&#8220; global_colors_info=&#8220;{}&#8220;][et_pb_row make_equal=&#8220;on&#8220; disabled_on=&#8220;off|off|off&#8220; _builder_version=&#8220;4.21.0&#8243; _module_preset=&#8220;default&#8220; background_image=&#8220;https:\/\/www.ihf.de\/wp-content\/uploads\/2021\/04\/logo-ihf.png&#8220; background_size=&#8220;custom&#8220; background_image_width=&#8220;150px&#8220; background_position=&#8220;top_right&#8220; custom_padding=&#8220;0px|||||&#8220; background_last_edited=&#8220;on|tablet&#8220; background_enable_image_phone=&#8220;off&#8220; locked=&#8220;off&#8220; global_colors_info=&#8220;{}&#8220;][et_pb_column type=&#8220;4_4&#8243; _builder_version=&#8220;4.16&#8243; _module_preset=&#8220;default&#8220; animation_style=&#8220;slide&#8220; animation_direction=&#8220;left&#8220; animation_duration=&#8220;1300ms&#8220; global_colors_info=&#8220;{}&#8220;][et_pb_text _builder_version=&#8220;4.21.0&#8243; _module_preset=&#8220;default&#8220; text_letter_spacing=&#8220;1px&#8220; custom_margin=&#8220;6px||6px||false|false&#8220; locked=&#8220;off&#8220; global_colors_info=&#8220;{}&#8220;]<\/p>\n<p>IHF GMBH INSTITUT F\u00dcR HERZINFARKTFORSCHUNG<strong><\/strong><\/p>\n<p>[\/et_pb_text][et_pb_text content_tablet=&#8220;<\/p>\n<h1>Unternehmensprofil<\/h1>\n<p>&#8220; content_phone=&#8220;<\/p>\n<h1>Unternehmens-profil<\/h1>\n<p>&#8220; content_last_edited=&#8220;on|phone&#8220; admin_label=&#8220;Text&#8220; _builder_version=&#8220;4.23.1&#8243; _module_preset=&#8220;default&#8220; header_font=&#8220;PT Sans|700|||||||&#8220; header_text_color=&#8220;#324f58&#8243; header_font_size=&#8220;42px&#8220; header_line_height=&#8220;1.3em&#8220; custom_margin=&#8220;10px||20px||false|false&#8220; locked=&#8220;off&#8220; global_colors_info=&#8220;{}&#8220;]<\/p>\n<h1>Unternehmensprofil<\/h1>\n<p>[\/et_pb_text][et_pb_text _builder_version=&#8220;4.23.1&#8243; _module_preset=&#8220;default&#8220; text_font=&#8220;Signika|300|||||||&#8220; text_text_color=&#8220;#999999&#8243; text_line_height=&#8220;1.8em&#8220; locked=&#8220;off&#8220; global_colors_info=&#8220;{}&#8220;]<\/p>\n<p>Die IHF GmbH ist eines der f\u00fchrenden klinischen Beratungs- und Auftragsforschungsinstitute im Bereich der Herzkreislaufforschung in Europa. Wir betreuen Registerstudien und randomisierte klinische Studien mit dem Fokus auf kardiovaskul\u00e4re Therapien, Risikofaktoren und Begleiterkrankungen und erf\u00fcllen dabei die hohen Standards eines full-service Dienstleistungsunternehmens im Segment der klinischen Forschung. Als rechtlicher Sponsor zahlreicher klinischer &#8211; auch leitlinienrelevanter &#8211; Studien genie\u00dfen wir in medizinischen Fachkreisen h\u00f6chste Anerkennung und Reputation.<\/p>\n<p>[\/et_pb_text][\/et_pb_column][\/et_pb_row][\/et_pb_section][et_pb_section fb_built=&#8220;1&#8243; _builder_version=&#8220;4.27.6&#8243; _module_preset=&#8220;default&#8220; background_color=&#8220;#fafafa&#8220; hover_enabled=&#8220;0&#8243; global_colors_info=&#8220;{}&#8220; disabled_on=&#8220;on|on|on&#8220; disabled=&#8220;on&#8220; sticky_enabled=&#8220;0&#8243;][et_pb_row column_structure=&#8220;1_2,1_2&#8243; make_equal=&#8220;on&#8220; _builder_version=&#8220;4.27.6&#8243; _module_preset=&#8220;default&#8220; hover_enabled=&#8220;0&#8243; locked=&#8220;off&#8220; global_colors_info=&#8220;{}&#8220; disabled_on=&#8220;off|off|off&#8220; sticky_enabled=&#8220;0&#8243;][et_pb_column type=&#8220;1_2&#8243; _builder_version=&#8220;4.16&#8243; _module_preset=&#8220;default&#8220; animation_style=&#8220;slide&#8220; animation_direction=&#8220;left&#8220; animation_duration=&#8220;1300ms&#8220; global_colors_info=&#8220;{}&#8220;][et_pb_text _builder_version=&#8220;4.21.0&#8243; _module_preset=&#8220;default&#8220; text_letter_spacing=&#8220;1px&#8220; custom_margin=&#8220;6px||6px||false|false&#8220; locked=&#8220;off&#8220; global_colors_info=&#8220;{}&#8220;]<\/p>\n<p>IHF GMBH<\/p>\n<p>[\/et_pb_text][et_pb_text _builder_version=&#8220;4.21.0&#8243; _module_preset=&#8220;default&#8220; header_font=&#8220;PT Sans|700|||||||&#8220; header_text_color=&#8220;#324f58&#8243; header_font_size=&#8220;42px&#8220; header_line_height=&#8220;1.3em&#8220; custom_margin=&#8220;10px||20px||false|false&#8220; locked=&#8220;off&#8220; global_colors_info=&#8220;{}&#8220;]<\/p>\n<h1>Unsere Historie<\/h1>\n<p>[\/et_pb_text][et_pb_text _builder_version=&#8220;4.21.0&#8243; _module_preset=&#8220;default&#8220; text_font=&#8220;Signika|300|||||||&#8220; text_text_color=&#8220;#999999&#8243; text_line_height=&#8220;1.8em&#8220; locked=&#8220;off&#8220; global_colors_info=&#8220;{}&#8220;]<\/p>\n<p>Seit mehr als zwei Jahrzehnten unterst\u00fctzen wir unsere Auftraggeber mit unserer medizinisch-wissenschaftlichen, regulatorischen und klinischen Expertise. Die IHF GmbH ist eine ausgegr\u00fcndete Tochtergesellschaft der renommierten Stiftung Institut f\u00fcr Herzinfarktforschung, einer gemeinn\u00fctzigen akademischen Forschungseinrichtung mit dem Ziel der F\u00f6rderung der kardiovaskul\u00e4ren Versorgungsforschung und Qualit\u00e4tssicherung im klinischen Alltag. Aus zahlreichen gemeinsamen Projekten beider Einrichtungen hat sich eine \u00fcberaus erfolgreiche Allianz entwickelt, die in unserem Fachbereich ihresgleichen sucht.<\/p>\n<p>\u00dcber die Jahre haben mehr und mehr industrielle Auftraggeber diese Synergien wertsch\u00e4tzen gelernt, so dass unser Institut als fundamentale Br\u00fccke zwischen akademischer und industrieller Forschung einen essentiellen Beitrag zu medizinischem Fortschritt in der Kardiologie leistet.<\/p>\n<p>[\/et_pb_text][\/et_pb_column][et_pb_column type=&#8220;1_2&#8243; _builder_version=&#8220;4.19.1&#8243; _module_preset=&#8220;default&#8220; background_enable_color=&#8220;off&#8220; background_enable_image=&#8220;off&#8220; background_position=&#8220;center_right&#8220; animation_style=&#8220;slide&#8220; animation_direction=&#8220;right&#8220; animation_duration=&#8220;1300ms&#8220; border_radii=&#8220;on|5px|5px|5px|5px&#8220; global_colors_info=&#8220;{}&#8220;][diti_timeline horizontal_line_width=&#8220;5px&#8220; _builder_version=&#8220;4.21.0&#8243; _module_preset=&#8220;default&#8220; header_font=&#8220;|800|||||||&#8220; header_font_size=&#8220;22px&#8220; header_line_height=&#8220;0.9em&#8220; body_font=&#8220;|600|||||||&#8220; body_font_size=&#8220;16px&#8220; global_colors_info=&#8220;{}&#8220;][diti_timeline_item title=&#8220;1992&#8243; font_icon=&#8220;&#x5c;||divi||400&#8243; icon_color=&#8220;#FF4438&#8243; _builder_version=&#8220;4.21.0&#8243; _module_preset=&#8220;default&#8220; global_colors_info=&#8220;{}&#8220;]<\/p>\n<p>Erste Projekte der Versorgungs\u00adforschung<\/p>\n<p>[\/diti_timeline_item][diti_timeline_item title=&#8220;2000&#8243; font_icon=&#8220;&#x5c;||divi||400&#8243; icon_color=&#8220;#FF4438&#8243; _builder_version=&#8220;4.21.0&#8243; _module_preset=&#8220;default&#8220; global_colors_info=&#8220;{}&#8220;]<\/p>\n<p>Gr\u00fcndung Stiftung IHF<\/p>\n<p>[\/diti_timeline_item][diti_timeline_item title=&#8220;2009&#8243; font_icon=&#8220;&#x5c;||divi||400&#8243; icon_color=&#8220;#FF4438&#8243; _builder_version=&#8220;4.21.0&#8243; _module_preset=&#8220;default&#8220; global_colors_info=&#8220;{}&#8220;]<\/p>\n<p>Gr\u00fcndung IHF GmbH<\/p>\n<p>[\/diti_timeline_item][diti_timeline_item title=&#8220;Heute&#8220; font_icon=&#8220;&#x5c;||divi||400&#8243; icon_color=&#8220;#FF4438&#8243; _builder_version=&#8220;4.21.0&#8243; _module_preset=&#8220;default&#8220; global_colors_info=&#8220;{}&#8220;]<\/p>\n<p>Status Quo<\/p>\n<p>[\/diti_timeline_item][\/diti_timeline][\/et_pb_column][\/et_pb_row][\/et_pb_section][et_pb_section fb_built=&#8220;1&#8243; _builder_version=&#8220;4.19.1&#8243; _module_preset=&#8220;default&#8220; global_colors_info=&#8220;{}&#8220;][et_pb_row column_structure=&#8220;1_2,1_2&#8243; make_equal=&#8220;on&#8220; _builder_version=&#8220;4.21.0&#8243; _module_preset=&#8220;default&#8220; locked=&#8220;off&#8220; global_colors_info=&#8220;{}&#8220;][et_pb_column type=&#8220;1_2&#8243; _builder_version=&#8220;4.21.0&#8243; _module_preset=&#8220;default&#8220; background_enable_color=&#8220;off&#8220; background_image=&#8220;https:\/\/www.ihf.de\/wp-content\/uploads\/2021\/06\/csm_ergebnisse3@2x_n_e0181104fe.png&#8220; custom_padding=&#8220;7rem||7rem||true|false&#8220; animation_style=&#8220;slide&#8220; animation_direction=&#8220;left&#8220; animation_duration=&#8220;1300ms&#8220; global_colors_info=&#8220;{}&#8220;][et_pb_code disabled_on=&#8220;on|on|on&#8220; _builder_version=&#8220;4.27.4&#8243; _module_preset=&#8220;default&#8220; positioning=&#8220;absolute&#8220; position_origin_a=&#8220;bottom_left&#8220; width=&#8220;100%&#8220; link_option_url=&#8220;https:\/\/www.ihf.de\/karriere\/&#8220; disabled=&#8220;on&#8220; global_colors_info=&#8220;{}&#8220;]<!-- [et_pb_line_break_holder] --> <img decoding=\"async\" src=\"\/wp-content\/uploads\/2023\/08\/ihf-apply-button.png\" style=\"max-width:150px;\"><\/img> [\/et_pb_code][\/et_pb_column][et_pb_column type=&#8220;1_2&#8243; _builder_version=&#8220;4.16&#8243; _module_preset=&#8220;default&#8220; animation_style=&#8220;slide&#8220; animation_direction=&#8220;left&#8220; animation_duration=&#8220;1300ms&#8220; global_colors_info=&#8220;{}&#8220;][et_pb_text _builder_version=&#8220;4.21.0&#8243; _module_preset=&#8220;default&#8220; text_letter_spacing=&#8220;1px&#8220; custom_margin=&#8220;6px||6px||false|false&#8220; locked=&#8220;off&#8220; global_colors_info=&#8220;{}&#8220;]<\/p>\n<p>IHF GMBH<\/p>\n<p>[\/et_pb_text][et_pb_text _builder_version=&#8220;4.23.1&#8243; _module_preset=&#8220;default&#8220; header_font=&#8220;PT Sans|700|||||||&#8220; header_text_color=&#8220;#324f58&#8243; header_font_size=&#8220;42px&#8220; header_line_height=&#8220;1.3em&#8220; custom_margin=&#8220;10px||20px||false|false&#8220; locked=&#8220;off&#8220; global_colors_info=&#8220;{}&#8220;]<\/p>\n<h1>Unser Team<\/h1>\n<p>[\/et_pb_text][et_pb_text _builder_version=&#8220;4.16&#8243; _module_preset=&#8220;default&#8220; text_font=&#8220;Signika|300|||||||&#8220; text_text_color=&#8220;#999999&#8243; text_line_height=&#8220;1.8em&#8220; locked=&#8220;off&#8220; global_colors_info=&#8220;{}&#8220;]<\/p>\n<p>Unser erfahrenes und konstantes Team betreut klinische Forschungsprojekte von ihrer Konzeption bis zur Publikation. Je nach Fragestellung k\u00f6nnen wir ganz spezifisch auf einen Fachspezialisten im Haus zur\u00fcckgreifen, sei es im Bereich der Medizin und Vigilanz, der Statistik, der IT oder im operativen Projektmanagement. Wir beraten auch zu Fragen der Projektfinanzierung und begleiten durch alle ethischen und rechtlichen Pr\u00fcfungsverfahren. Wir f\u00f6rdern die pers\u00f6nliche und fachliche Weiterentwicklung unserer Mitarbeiter und stehen f\u00fcr eigenverantwortliches Arbeiten.<\/p>\n<p>[\/et_pb_text][\/et_pb_column][\/et_pb_row][\/et_pb_section][et_pb_section fb_built=&#8220;1&#8243; _builder_version=&#8220;4.19.1&#8243; _module_preset=&#8220;default&#8220; background_color=&#8220;#fafafa&#8220; global_colors_info=&#8220;{}&#8220;][et_pb_row column_structure=&#8220;1_2,1_2&#8243; make_equal=&#8220;on&#8220; _builder_version=&#8220;4.21.0&#8243; _module_preset=&#8220;default&#8220; max_height=&#8220;130px&#8220; custom_margin=&#8220;||0px||false|false&#8220; custom_padding=&#8220;||0px||false|false&#8220; custom_css_main_element=&#8220;display: block;&#8220; locked=&#8220;off&#8220; global_colors_info=&#8220;{}&#8220; custom_css_main_element_last_edited=&#8220;on|tablet&#8220; custom_css_main_element_phone=&#8220;display: block;&#8220; custom_css_main_element_tablet=&#8220;display: flex;&#8220;][et_pb_column type=&#8220;1_2&#8243; _builder_version=&#8220;4.21.0&#8243; _module_preset=&#8220;default&#8220; custom_padding=&#8220;||0px||false|false&#8220; animation_style=&#8220;slide&#8220; animation_direction=&#8220;left&#8220; animation_duration=&#8220;1300ms&#8220; global_colors_info=&#8220;{}&#8220;][et_pb_text admin_label=&#8220;Text&#8220; _builder_version=&#8220;4.21.0&#8243; _module_preset=&#8220;default&#8220; text_letter_spacing=&#8220;1px&#8220; custom_margin=&#8220;6px||6px||false|false&#8220; locked=&#8220;off&#8220; global_colors_info=&#8220;{}&#8220;]<\/p>\n<p>IHF GMBH<\/p>\n<p>[\/et_pb_text][et_pb_text _builder_version=&#8220;4.21.0&#8243; _module_preset=&#8220;default&#8220; header_font=&#8220;PT Sans|700|||||||&#8220; header_text_color=&#8220;#324f58&#8243; header_font_size=&#8220;42px&#8220; header_line_height=&#8220;1.3em&#8220; custom_margin=&#8220;10px||0px||false|false&#8220; locked=&#8220;off&#8220; global_colors_info=&#8220;{}&#8220;]<\/p>\n<h1>Unser Netzwerk<\/h1>\n<p>[\/et_pb_text][\/et_pb_column][et_pb_column type=&#8220;1_2&#8243; _builder_version=&#8220;4.21.0&#8243; _module_preset=&#8220;default&#8220; custom_padding=&#8220;||0px||false|false&#8220; animation_style=&#8220;slide&#8220; animation_direction=&#8220;left&#8220; animation_duration=&#8220;1300ms&#8220; global_colors_info=&#8220;{}&#8220;][et_pb_image src=&#8220;https:\/\/www.ihf.de\/wp-content\/uploads\/2023\/06\/bvma-logo.png&#8220; title_text=&#8220;bvma-logo&#8220; url=&#8220;https:\/\/www.bvma.de\/&#8220; _builder_version=&#8220;4.23.4&#8243; _module_preset=&#8220;default&#8220; max_width=&#8220;100px&#8220; module_alignment=&#8220;right&#8220; custom_margin=&#8220;||20px||false|false&#8220; custom_padding=&#8220;||||false|false&#8220; module_alignment_tablet=&#8220;right&#8220; module_alignment_phone=&#8220;left&#8220; module_alignment_last_edited=&#8220;on|phone&#8220; global_colors_info=&#8220;{}&#8220;][\/et_pb_image][\/et_pb_column][\/et_pb_row][et_pb_row _builder_version=&#8220;4.22.0&#8243; _module_preset=&#8220;default&#8220; global_colors_info=&#8220;{}&#8220;][et_pb_column type=&#8220;4_4&#8243; _builder_version=&#8220;4.21.0&#8243; _module_preset=&#8220;default&#8220; global_colors_info=&#8220;{}&#8220;][et_pb_text _builder_version=&#8220;4.22.0&#8243; _module_preset=&#8220;default&#8220; text_font=&#8220;Signika|300|||||||&#8220; text_text_color=&#8220;#999999&#8243; text_line_height=&#8220;1.8em&#8220; locked=&#8220;off&#8220; global_colors_info=&#8220;{}&#8220;]<\/p>\n<p>Mit Partnern im In- und Ausland kooperieren wir bereits seit vielen Jahren. Wir sind \u00fcberzeugt: erfolgreiche Zusammenarbeit ist das Ergebnis einer vertrauensvollen Partnerschaft. Unser langj\u00e4hriger Kontakt zu Klinikern in Deutschland ist ein essentieller Schl\u00fcssel f\u00fcr den Erfolg unserer Arbeit. Wir pflegen einen engen Kontakt auch zu internationalen Kollaborationspartnern und k\u00f6nnen somit multinationale Forschungsprojekte realisieren. Durch unsere zertifizierte Mitgliedschaft im Bundesverband Medizinischer Auftragsinstitute e.V. (BVMA) stellen wir uns nicht nur regelm\u00e4\u00dfigen Qualit\u00e4tspr\u00fcfungen in Form von Systemaudits, sondern sind auch national und international auf CRO Ebene vernetzt und in einer von vielen Verb\u00e4nden und Institutionen anerkannten Interessensvertretung immer am Puls der klinischen Forschung.<\/p>\n<p>[\/et_pb_text][\/et_pb_column][\/et_pb_row][\/et_pb_section][et_pb_section fb_built=&#8220;1&#8243; _builder_version=&#8220;4.27.4&#8243; background_color=&#8220;#fafafa&#8220; background_enable_color=&#8220;off&#8220; custom_padding=&#8220;39px||39px||true|false&#8220; global_module=&#8220;419&#8243; global_colors_info=&#8220;{}&#8220;][et_pb_row column_structure=&#8220;3_4,1_4&#8243; use_custom_gutter=&#8220;on&#8220; gutter_width=&#8220;2&#8243; make_equal=&#8220;on&#8220; _builder_version=&#8220;4.24.2&#8243; background_color=&#8220;#73c3d5&#8243; max_width_tablet=&#8220;90%&#8220; max_width_phone=&#8220;90%&#8220; max_width_last_edited=&#8220;on|desktop&#8220; custom_padding=&#8220;3rem|3rem|3rem|3rem|true|true&#8220; border_radii=&#8220;on|5px|5px|5px|5px&#8220; global_colors_info=&#8220;{}&#8220;][et_pb_column type=&#8220;3_4&#8243; _builder_version=&#8220;4.16&#8243; global_colors_info=&#8220;{}&#8220;][et_pb_text _builder_version=&#8220;4.19.1&#8243; text_font=&#8220;Poppins||||||||&#8220; text_text_color=&#8220;#000000&#8243; text_font_size=&#8220;15px&#8220; text_line_height=&#8220;0.9em&#8220; header_font=&#8220;Poppins|300||on|||||&#8220; header_text_align=&#8220;left&#8220; header_text_color=&#8220;#ffffff&#8220; header_font_size=&#8220;29px&#8220; header_line_height=&#8220;0.9em&#8220; header_2_font=&#8220;Signika||||||||&#8220; header_2_text_color=&#8220;#FFFFFF&#8220; custom_margin=&#8220;0px||0px||false|false&#8220; custom_padding=&#8220;||0px|||&#8220; text_line_height_tablet=&#8220;&#8220; text_line_height_phone=&#8220;1.3em&#8220; text_line_height_last_edited=&#8220;on|desktop&#8220; header_text_align_tablet=&#8220;center&#8220; header_text_align_phone=&#8220;center&#8220; header_text_align_last_edited=&#8220;on|phone&#8220; header_font_size_tablet=&#8220;20px&#8220; header_font_size_phone=&#8220;20px&#8220; header_font_size_last_edited=&#8220;on|phone&#8220; header_line_height_tablet=&#8220;&#8220; header_line_height_phone=&#8220;1.3em&#8220; header_line_height_last_edited=&#8220;on|phone&#8220; global_colors_info=&#8220;{}&#8220; text_line_height__hover_enabled=&#8220;off|desktop&#8220;]<\/p>\n<h2>Lassen Sie uns ins Gespr\u00e4ch kommen!<\/h2>\n<p>[\/et_pb_text][et_pb_text _builder_version=&#8220;4.19.1&#8243; text_font=&#8220;Signika|300|||||||&#8220; text_text_color=&#8220;#FFFFFF&#8220; text_font_size=&#8220;18px&#8220; text_line_height=&#8220;1.6em&#8220; custom_margin=&#8220;0px||-2px||false|false&#8220; custom_margin_tablet=&#8220;-10px||||false|false&#8220; custom_margin_phone=&#8220;-10px||||false|false&#8220; custom_margin_last_edited=&#8220;on|phone&#8220; text_line_height_tablet=&#8220;&#8220; text_line_height_phone=&#8220;1.8em&#8220; text_line_height_last_edited=&#8220;on|desktop&#8220; global_colors_info=&#8220;{}&#8220; text_line_height__hover_enabled=&#8220;off|desktop&#8220;]<\/p>\n<p>Sie m\u00f6chten mehr erfahren, ihr Projekt starten oder haben ein anderes Anliegen?<\/p>\n<p>[\/et_pb_text][\/et_pb_column][et_pb_column type=&#8220;1_4&#8243; _builder_version=&#8220;4.16&#8243; global_colors_info=&#8220;{}&#8220;][et_pb_button button_url=&#8220;\/kontakt#ihf-kontaktieren&#8220; button_text=&#8220;Mehr Erfahren&#8220; button_alignment=&#8220;right&#8220; button_alignment_tablet=&#8220;left&#8220; button_alignment_phone=&#8220;left&#8220; button_alignment_last_edited=&#8220;on|phone&#8220; _builder_version=&#8220;4.24.2&#8243; _module_preset=&#8220;default&#8220; custom_button=&#8220;on&#8220; button_text_size=&#8220;16px&#8220; button_text_color=&#8220;#FFFFFF&#8220; button_bg_color=&#8220;RGBA(0,0,0,0)&#8220; button_border_color=&#8220;#FFFFFF&#8220; button_font=&#8220;|||on|||||&#8220; button_use_icon=&#8220;off&#8220; custom_margin=&#8220;30px||||false|false&#8220; custom_padding=&#8220;10px|30px|10px|30px|true|true&#8220; locked=&#8220;off&#8220; global_colors_info=&#8220;{}&#8220; button_bg_color__hover_enabled=&#8220;on|hover&#8220; button_bg_color__hover=&#8220;#65a1bc&#8220; button_bg_enable_color__hover=&#8220;on&#8220; button_border_width__hover_enabled=&#8220;on|hover&#8220; button_border_width__hover=&#8220;0px&#8220;][\/et_pb_button][\/et_pb_column][\/et_pb_row][\/et_pb_section]<\/p>\n","protected":false},"excerpt":{"rendered":"<p>IHF GMBH INSTITUT F\u00dcR HERZINFARKTFORSCHUNGUnternehmensprofilDie IHF GmbH ist eines der f\u00fchrenden klinischen Beratungs- und Auftragsforschungsinstitute im Bereich der Herzkreislaufforschung in Europa. Wir betreuen Registerstudien und randomisierte klinische Studien mit dem Fokus auf kardiovaskul\u00e4re Therapien, Risikofaktoren und Begleiterkrankungen und erf\u00fcllen dabei die hohen Standards eines full-service Dienstleistungsunternehmens im Segment der klinischen Forschung. Als rechtlicher Sponsor zahlreicher klinischer &#8211; auch leitlinienrelevanter &#8211; Studien genie\u00dfen wir in medizinischen Fachkreisen h\u00f6chste Anerkennung und Reputation.IHF GMBHUnsere HistorieSeit mehr als zwei Jahrzehnten unterst\u00fctzen wir unsere Auftraggeber mit unserer medizinisch-wissenschaftlichen, regulatorischen und klinischen Expertise. Die IHF GmbH ist eine ausgegr\u00fcndete Tochtergesellschaft der renommierten Stiftung Institut f\u00fcr Herzinfarktforschung, einer gemeinn\u00fctzigen akademischen Forschungseinrichtung mit dem Ziel der F\u00f6rderung der kardiovaskul\u00e4ren Versorgungsforschung und Qualit\u00e4tssicherung im klinischen Alltag. Aus zahlreichen gemeinsamen Projekten beider Einrichtungen hat sich eine \u00fcberaus erfolgreiche Allianz entwickelt, die in unserem Fachbereich ihresgleichen sucht. \u00dcber die Jahre haben mehr und mehr industrielle Auftraggeber diese Synergien wertsch\u00e4tzen gelernt, so dass unser Institut als fundamentale Br\u00fccke zwischen akademischer und industrieller Forschung einen essentiellen Beitrag zu medizinischem Fortschritt in der Kardiologie leistet.<div class=\"et_pb_module diti_timeline diti_timeline_0\">\n\t\t\t\t\n\t\t\t\t\n\t\t\t\t\n\t\t\t\t\n\t\t\t\t\n\t\t\t\t\n\t\t\t\t<div class=\"et_pb_module_inner\">\n\t\t\t\t\t<div class=\"et_pb_module diti_divi_timeline\">\r\n          <ul class=\"timeline\">\r\n            \r\n\t\t  <\/ul>\r\n\t\t<\/div> <!-- .diti-divi-timeline -->\n\t\t\t\t<\/div>\n\t\t\t<\/div><div class=\"et_pb_module diti_timeline_item diti_timeline_item_0\">\n\t\t\t\t\n\t\t\t\t\n\t\t\t\t\n\t\t\t\t\n\t\t\t\t\n\t\t\t\t\n\t\t\t\t<div class=\"et_pb_module_inner\">\n\t\t\t\t\t<li class=\"flex-container\">\r\n\t\t\t\t<div class=\"empty-col\"><\/div>\r\n\t\t\t\t<div class=\"timeline-badge\"><span class=\"et-pb-icon timeline-icon et-pb-icon-circle et-pb-icon-circle-border\">&#x5c;<\/span><\/div>\r\n\t\t\t  \t<div class=\"timeline-panel et-waypoint et_pb_animation_top\">\r\n\t\t\t\t\t<div class=\"timeline-heading\">\r\n\t\t\t\t  \t\t<h4 class=\"timeline-title\">1992<\/h4>\r\n\t\t\t\t\t<\/div>\r\n\t\t\t\t\t<div class=\"timeline-body\">\r\n\t\t\t\t  \t\tFirst projects in health care research\r\n\t\t\t\t\t<\/div>\r\n\t\t\t  \t<\/div>\r\n       \t\t <\/li>\n\t\t\t\t<\/div>\n\t\t\t<\/div><div class=\"et_pb_module diti_timeline_item diti_timeline_item_1\">\n\t\t\t\t\n\t\t\t\t\n\t\t\t\t\n\t\t\t\t\n\t\t\t\t\n\t\t\t\t\n\t\t\t\t<div class=\"et_pb_module_inner\">\n\t\t\t\t\t<li class=\"flex-container\">\r\n\t\t\t\t<div class=\"empty-col\"><\/div>\r\n\t\t\t\t<div class=\"timeline-badge\"><span class=\"et-pb-icon timeline-icon et-pb-icon-circle et-pb-icon-circle-border\">&#x5c;<\/span><\/div>\r\n\t\t\t  \t<div class=\"timeline-panel et-waypoint et_pb_animation_top\">\r\n\t\t\t\t\t<div class=\"timeline-heading\">\r\n\t\t\t\t  \t\t<h4 class=\"timeline-title\">2000<\/h4>\r\n\t\t\t\t\t<\/div>\r\n\t\t\t\t\t<div class=\"timeline-body\">\r\n\t\t\t\t  \t\tEstablishment IHF Foundation\r\n\t\t\t\t\t<\/div>\r\n\t\t\t  \t<\/div>\r\n       \t\t <\/li>\n\t\t\t\t<\/div>\n\t\t\t<\/div><div class=\"et_pb_module diti_timeline_item diti_timeline_item_2\">\n\t\t\t\t\n\t\t\t\t\n\t\t\t\t\n\t\t\t\t\n\t\t\t\t\n\t\t\t\t\n\t\t\t\t<div class=\"et_pb_module_inner\">\n\t\t\t\t\t<li class=\"flex-container\">\r\n\t\t\t\t<div class=\"empty-col\"><\/div>\r\n\t\t\t\t<div class=\"timeline-badge\"><span class=\"et-pb-icon timeline-icon et-pb-icon-circle et-pb-icon-circle-border\"><\/span><\/div>\r\n\t\t\t  \t<div class=\"timeline-panel et-waypoint et_pb_animation_top\">\r\n\t\t\t\t\t<div class=\"timeline-heading\">\r\n\t\t\t\t  \t\t<h4 class=\"timeline-title\">&#8220;2009&#8243;<\/h4>\r\n\t\t\t\t\t<\/div>\r\n\t\t\t\t\t<div class=\"timeline-body\">\r\n\t\t\t\t  \t\t\r\n\t\t\t\t\t<\/div>\r\n\t\t\t  \t<\/div>\r\n       \t\t <\/li>\n\t\t\t\t<\/div>\n\t\t\t<\/div><\/p>","protected":false},"author":1,"featured_media":0,"parent":0,"menu_order":0,"comment_status":"closed","ping_status":"closed","template":"","meta":{"_et_pb_use_builder":"on","_et_pb_old_content":"<!-- wp:divi\/placeholder \/-->","_et_gb_content_width":"","footnotes":""},"class_list":["post-842","page","type-page","status-publish","hentry"],"_links":{"self":[{"href":"https:\/\/www.ihf.de\/en\/wp-json\/wp\/v2\/pages\/842","targetHints":{"allow":["GET"]}}],"collection":[{"href":"https:\/\/www.ihf.de\/en\/wp-json\/wp\/v2\/pages"}],"about":[{"href":"https:\/\/www.ihf.de\/en\/wp-json\/wp\/v2\/types\/page"}],"author":[{"embeddable":true,"href":"https:\/\/www.ihf.de\/en\/wp-json\/wp\/v2\/users\/1"}],"replies":[{"embeddable":true,"href":"https:\/\/www.ihf.de\/en\/wp-json\/wp\/v2\/comments?post=842"}],"version-history":[{"count":26,"href":"https:\/\/www.ihf.de\/en\/wp-json\/wp\/v2\/pages\/842\/revisions"}],"predecessor-version":[{"id":1391,"href":"https:\/\/www.ihf.de\/en\/wp-json\/wp\/v2\/pages\/842\/revisions\/1391"}],"wp:attachment":[{"href":"https:\/\/www.ihf.de\/en\/wp-json\/wp\/v2\/media?parent=842"}],"curies":[{"name":"wp","href":"https:\/\/api.w.org\/{rel}","templated":true}]}}