{"id":595,"date":"2021-06-21T22:58:40","date_gmt":"2021-06-21T20:58:40","guid":{"rendered":"https:\/\/nwps.ihf.de\/?page_id=595"},"modified":"2023-11-21T13:30:58","modified_gmt":"2023-11-21T12:30:58","slug":"arbeitsweise","status":"publish","type":"page","link":"https:\/\/www.ihf.de\/en\/arbeitsweise\/","title":{"rendered":"WAY OF WORKING"},"content":{"rendered":"<p>[et_pb_section fb_built=&#8220;1&#8243; _builder_version=&#8220;4.16&#8243; _module_preset=&#8220;default&#8220; custom_padding=&#8220;||||false|false&#8220; locked=&#8220;off&#8220; global_colors_info=&#8220;{}&#8220;][et_pb_row column_structure=&#8220;1_2,1_2&#8243; make_equal=&#8220;on&#8220; _builder_version=&#8220;4.16&#8243; _module_preset=&#8220;default&#8220; global_colors_info=&#8220;{}&#8220;][et_pb_column type=&#8220;1_2&#8243; _builder_version=&#8220;4.16&#8243; _module_preset=&#8220;default&#8220; animation_style=&#8220;slide&#8220; animation_direction=&#8220;left&#8220; animation_duration=&#8220;1300ms&#8220; global_colors_info=&#8220;{}&#8220;][et_pb_text _builder_version=&#8220;4.16&#8243; _module_preset=&#8220;default&#8220; text_letter_spacing=&#8220;1px&#8220; custom_margin=&#8220;6px||6px||false|false&#8220; locked=&#8220;off&#8220; global_colors_info=&#8220;{}&#8220;]<\/p>\n<p>UNSERE ARBEITSWEISE<\/p>\n<p>[\/et_pb_text][et_pb_text _builder_version=&#8220;4.21.0&#8243; _module_preset=&#8220;default&#8220; header_font=&#8220;PT Sans|700|||||||&#8220; header_text_color=&#8220;#324f58&#8243; header_font_size=&#8220;42px&#8220; header_line_height=&#8220;1.3em&#8220; custom_margin=&#8220;10px||20px||false|false&#8220; locked=&#8220;off&#8220; global_colors_info=&#8220;{}&#8220;]<\/p>\n<h1>Unser Experten-Team als starker Partner<\/h1>\n<p>[\/et_pb_text][et_pb_text _builder_version=&#8220;4.21.0&#8243; _module_preset=&#8220;default&#8220; text_font=&#8220;Signika|300|||||||&#8220; text_text_color=&#8220;#999999&#8243; text_line_height=&#8220;1.8em&#8220; locked=&#8220;off&#8220; global_colors_info=&#8220;{}&#8220;]<\/p>\n<p><strong>Unser Team aus Spezialisten unterst\u00fctzt Sie mit Erfahrung, Einsatz und Flexibilit\u00e4t. <\/strong><\/p>\n<p><span>Durch langj\u00e4hrige Erfahrung im Feld der klinischen Forschung, aber auch durch stetige Weiterentwicklung und Anpassung an neue Herausforderungen sind wir die optimale Unterst\u00fctzung f\u00fcr Ihr Forschungsvorhaben. Wir finden passende, ma\u00dfgeschneiderte L\u00f6sungen und garantieren dabei eine effiziente Umsetzung und Erreichung Ihrer Ziele. Eine enge Betreuung, sowie standardisiertes Arbeiten nach hohen Qualit\u00e4tsstandards \u00fcber die gesamte Projektlaufzeit, aber auch ein flexibles Reagieren auf t\u00e4gliche Herausforderungen zeichnen unsere Arbeitsweise aus. Damit garantieren wir den Erfolg Ihrer Studie!<\/span><\/p>\n<p>[\/et_pb_text][\/et_pb_column][et_pb_column type=&#8220;1_2&#8243; _builder_version=&#8220;4.16&#8243; _module_preset=&#8220;default&#8220; background_enable_color=&#8220;off&#8220; background_image=&#8220;https:\/\/www.ihf.de\/wp-content\/uploads\/2021\/06\/csm_team3@2x_n_cf8e01b9ab.png&#8220; background_position=&#8220;center_right&#8220; animation_style=&#8220;slide&#8220; animation_direction=&#8220;right&#8220; animation_duration=&#8220;1300ms&#8220; border_radii=&#8220;on|5px|5px|5px|5px&#8220; global_colors_info=&#8220;{}&#8220;][\/et_pb_column][\/et_pb_row][\/et_pb_section][et_pb_section fb_built=&#8220;1&#8243; custom_padding_last_edited=&#8220;on|phone&#8220; _builder_version=&#8220;4.16&#8243; _module_preset=&#8220;default&#8220; background_color=&#8220;rgba(245,244,242,0.25)&#8220; custom_padding=&#8220;30px||130px||false|false&#8220; custom_padding_tablet=&#8220;||10px||false|false&#8220; custom_padding_phone=&#8220;||0px||false|false&#8220; global_colors_info=&#8220;{}&#8220;][et_pb_row _builder_version=&#8220;4.16&#8243; _module_preset=&#8220;default&#8220; global_colors_info=&#8220;{}&#8220;][et_pb_column type=&#8220;4_4&#8243; _builder_version=&#8220;4.16&#8243; _module_preset=&#8220;default&#8220; global_colors_info=&#8220;{}&#8220;][diti_timeline horizontal_line_width=&#8220;1px&#8220; _builder_version=&#8220;4.16&#8243; _module_preset=&#8220;default&#8220; header_font=&#8220;|700|||||||&#8220; header_font_size=&#8220;26px&#8220; background_enable_color=&#8220;off&#8220; custom_padding=&#8220;3%|3%||4%|false|false&#8220; global_colors_info=&#8220;{}&#8220;][diti_timeline_item title=&#8220;Ihr Konzept&#8220; box_background_color=&#8220;#FFFFFF&#8220; badge_type=&#8220;text&#8220; text_badge=&#8220;01&#8243; text_badge_color=&#8220;#ffd6d3&#8243; _builder_version=&#8220;4.9.7&#8243; _module_preset=&#8220;default&#8220; hover_enabled=&#8220;0&#8243; global_colors_info=&#8220;{}&#8220; sticky_enabled=&#8220;0&#8243;]<\/p>\n<p>Mit Ihnen zusammen wird aus Ihrer Idee das Konzept f\u00fcr Ihre Studie. Wir erarbeiten gemeinsam mit Ihnen die wissenschaftlichen, methodischen und statistischen Vorgaben f\u00fcr das Studienprotokoll und planen einen Studienverlauf, der zuverl\u00e4ssig realisiert werden kann.<\/p>\n<p>Gemeinsam legen wir Kriterien f\u00fcr die Sicherheit der Patienten fest. Wir kl\u00e4ren mit Ihnen, welche Daten f\u00fcr Ihre Studie notwendig sind und entwickeln den entsprechenden Pr\u00fcfbogen mit unserer Software EBogen. Sie erhalten saubere und valide Daten f\u00fcr Ihre Forschung.<\/p>\n<p><img decoding=\"async\" src=\"https:\/\/www.ihf.de\/wp-content\/uploads\/2021\/06\/csm_ergebnisse1@2x_n_90e3936250-300x300.png\" width=\"100%\" height=\"auto\" alt=\"\" \/><\/p>\n<p>[\/diti_timeline_item][diti_timeline_item title=&#8220;Kickoff&#8220; box_background_color=&#8220;#FFFFFF&#8220; badge_type=&#8220;text&#8220; text_badge=&#8220;02&#8243; text_badge_color=&#8220;#ffd6d3&#8243; _builder_version=&#8220;4.9.7&#8243; _module_preset=&#8220;default&#8220; custom_css_main_element=&#8220;box-shadow: none !important;&#8220; global_colors_info=&#8220;{}&#8220;]<\/p>\n<p>Ganz gleich, wie ausgearbeitet Ihre Idee schon ist, wie skizzenhaft sie noch sein mag: Sie setzen sich mit uns an einen Tisch und gemeinsam arbeiten wir Ihre Idee aus. Bringen Sie Ihre Kompetenz ein, wir steuern unsere Erfahrung bei.<\/p>\n<p><img loading=\"lazy\" decoding=\"async\" src=\"https:\/\/www.ihf.de\/wp-content\/uploads\/2021\/06\/csm_idee1@2x_n_8a68cbd70a-300x234.png\" width=\"300\" height=\"234\" alt=\"\" class=\"wp-image-608 alignnone size-medium\" \/><\/p>\n<p>[\/diti_timeline_item][diti_timeline_item title=&#8220;Ihr Team ist bereit&#8220; box_background_color=&#8220;#FFFFFF&#8220; badge_type=&#8220;text&#8220; text_badge=&#8220;03&#8243; text_badge_color=&#8220;#ffd6d3&#8243; _builder_version=&#8220;4.9.7&#8243; _module_preset=&#8220;default&#8220; custom_css_main_element=&#8220;box-shadow: none !important;&#8220; global_colors_info=&#8220;{}&#8220;]<\/p>\n<p>Ihr Team vereint Spezialisten, die das Detail im Auge haben und Generalisten mit dem Blick f\u00fcrs gro\u00dfe Ganze.<\/p>\n<p>Ihr Team bringt viele Talente, viel Erfahrung, viel Wissen zusammen. Wenn alle an einem Strang ziehen, wird die Studie ein Erfolg.<\/p>\n<p><img loading=\"lazy\" decoding=\"async\" src=\"https:\/\/www.ihf.de\/wp-content\/uploads\/2021\/06\/csm_team2@2x_n_9990f67b3e-300x300.png\" width=\"300\" height=\"300\" alt=\"\" class=\"wp-image-609 alignnone size-medium\" \/><\/p>\n<p>[\/diti_timeline_item][diti_timeline_item title=&#8220;Ihr Projekt startet&#8220; box_background_color=&#8220;#FFFFFF&#8220; badge_type=&#8220;text&#8220; text_badge=&#8220;04&#8243; text_badge_color=&#8220;#ffd6d3&#8243; _builder_version=&#8220;4.9.7&#8243; _module_preset=&#8220;default&#8220; custom_css_main_element=&#8220;box-shadow: none !important;&#8220; global_colors_info=&#8220;{}&#8220;]<\/p>\n<p>Gemeinsam mit Ihnen erstellen wir alle relevanten Unterlagen, die zu den vorgeschriebenen Pr\u00fcfverfahren eingereicht werden m\u00fcssen.<\/p>\n<p>Wir unterst\u00fctzen Sie und steuern auf Ihren Wunsch auch die Kommunikation mit Ethikkommissionen und dem Bundesinstitut f\u00fcr Arzneimittel und Medizinprodukte.<\/p>\n<p><img loading=\"lazy\" decoding=\"async\" src=\"https:\/\/www.ihf.de\/wp-content\/uploads\/2021\/06\/csm_team1@2x_n_e9ab43c656-300x300.png\" width=\"300\" height=\"300\" alt=\"\" class=\"wp-image-610 alignnone size-medium\" \/><\/p>\n<p>[\/diti_timeline_item][diti_timeline_item title=&#8220;Alles im Griff&#8220; box_background_color=&#8220;#FFFFFF&#8220; badge_type=&#8220;text&#8220; text_badge=&#8220;05&#8243; text_badge_color=&#8220;#ffd6d3&#8243; _builder_version=&#8220;4.9.7&#8243; _module_preset=&#8220;default&#8220; custom_css_main_element=&#8220;box-shadow: none !important;&#8220; global_colors_info=&#8220;{}&#8220;]<\/p>\n<p>Unsere Projektmanager steuern Ihre Studie. Sie k\u00fcmmern sich t\u00e4glich um Ihre Forschung. Sie behalten alles im Blick, merken auf, wenn es unvorhergesehene Ereignisse gibt. Selbst bei sorgf\u00e4ltigster Planung bleibt nicht immer alles im Plan. Ihr Team spricht mit Ihnen schnell und flexibel die Ma\u00dfnahmen ab, die Ihre Studie wieder auf Kurs bringen.<\/p>\n<p>Sie erhalten von uns Statusberichte und Zwischenergebnisse, die den erfolgreichen Verlauf Ihrer Studie dokumentieren.<\/p>\n<p><img loading=\"lazy\" decoding=\"async\" src=\"https:\/\/www.ihf.de\/wp-content\/uploads\/2021\/06\/csm_team3@2x_n_cf8e01b9ab-300x300.png\" width=\"300\" height=\"300\" alt=\"\" class=\"wp-image-612 alignnone size-medium\" \/><\/p>\n<p>[\/diti_timeline_item][diti_timeline_item title=&#8220;Kliniken &#8211; Die S\u00e4ulen ihrer Forschung&#8220; box_background_color=&#8220;#FFFFFF&#8220; badge_type=&#8220;text&#8220; text_badge=&#8220;06&#8243; text_badge_color=&#8220;#ffd6d3&#8243; _builder_version=&#8220;4.9.7&#8243; _module_preset=&#8220;default&#8220; custom_css_main_element=&#8220;box-shadow: none !important;&#8220; global_colors_info=&#8220;{}&#8220;]<\/p>\n<p>\u00dcber die gesamte Dauer Ihrer Studie halten wir den Kontakt zu den Studienzentren. Wir k\u00fcmmern uns um die Vertr\u00e4ge, die Honorare, um alle Formalit\u00e4ten.<\/p>\n<p>Wir \u00fcberwachen den Patienteneinschluss, haken nach und motivieren, wenn die Teilnehmerzahlen unter den Erwartungen bleiben.<\/p>\n<p>Unsere Monitore sind f\u00fcr Sie vor Ort. Sie schulen das Personal der Studienzentren und machen die Studienassistenten mit den spezifischen Anforderungen Ihrer Studie vertraut. Sie sensibilisieren die Zentren f\u00fcr Ihre Studie und die Qualit\u00e4t Ihrer Daten.<\/p>\n<p><img loading=\"lazy\" decoding=\"async\" src=\"https:\/\/www.ihf.de\/wp-content\/uploads\/2021\/06\/csm_team4@2x_n_456933d6ab-300x300.png\" width=\"300\" height=\"300\" alt=\"\" class=\"wp-image-613 alignnone size-medium\" \/><\/p>\n<p>[\/diti_timeline_item][diti_timeline_item title=&#8220;Patienten sind der Schl\u00fcssel&#8220; box_background_color=&#8220;#FFFFFF&#8220; badge_type=&#8220;text&#8220; text_badge=&#8220;07&#8243; text_badge_color=&#8220;#ffd6d3&#8243; _builder_version=&#8220;4.9.7&#8243; _module_preset=&#8220;default&#8220; custom_css_main_element=&#8220;box-shadow: none !important;&#8220; global_colors_info=&#8220;{}&#8220;]<\/p>\n<p>Bis zu f\u00fcnf Jahren nach Einschluss erheben wir telefonisch Daten bei den Patienten Ihrer Studie und liefern Ihnen Erkenntnisse \u00fcber den langfristigen Erfolg einer Therapie.<\/p>\n<p>Unsere Nacherfassungsquote liegt mit 95 Prozent weit \u00fcber dem Durchschnitt. Unsere Mitarbeiter im Patientenservice gehen auf die Patienten ein. Sie fragen so einf\u00fchlsam wie genau nach und erhalten so Ergebnisse f\u00fcr die Langzeitbeobachtung innerhalb Ihrer Studie.<\/p>\n<p><img loading=\"lazy\" decoding=\"async\" src=\"https:\/\/www.ihf.de\/wp-content\/uploads\/2021\/06\/csm_team5@2x_n_8d9997d59e-300x300.png\" width=\"300\" height=\"300\" alt=\"\" class=\"wp-image-614 alignnone size-medium\" \/><\/p>\n<p>[\/diti_timeline_item][diti_timeline_item title=&#8220;Publizieren und Pr\u00e4sentieren&#8220; box_background_color=&#8220;#FFFFFF&#8220; badge_type=&#8220;text&#8220; text_badge=&#8220;08&#8243; text_badge_color=&#8220;#ffd6d3&#8243; _builder_version=&#8220;4.9.7&#8243; _module_preset=&#8220;default&#8220; custom_css_main_element=&#8220;box-shadow: none !important;&#8220; global_colors_info=&#8220;{}&#8220;]<\/p>\n<p>Gemeinsam mit Ihnen arbeiten wir an Ihren Pr\u00e4sentationen und Publikationen. Sie k\u00f6nnen auch bei Review-Prozessen auf uns z\u00e4hlen. Mit unserem Fokus auf kardiovaskul\u00e4re Erkrankungen sind wir im Thema. In enger Abstimmung mit Ihnen reagieren wir schnell, pr\u00fcfen noch einmal und beantworten alle offenen Fragen.<\/p>\n<p>Wenn es n\u00f6tig ist, legen wir auch mal eine Nachtschicht ein.<\/p>\n<p><img loading=\"lazy\" decoding=\"async\" src=\"https:\/\/www.ihf.de\/wp-content\/uploads\/2021\/06\/csm_ergebnisse2@2x_n_1e9780ee55-300x300.png\" width=\"300\" height=\"300\" alt=\"\" class=\"wp-image-563 alignnone size-medium\" \/><\/p>\n<p>[\/diti_timeline_item][diti_timeline_item title=&#8220;Ihre Idee Ihr Erfolg&#8220; box_background_color=&#8220;#FFFFFF&#8220; badge_type=&#8220;text&#8220; text_badge=&#8220;09&#8243; text_badge_color=&#8220;#ffd6d3&#8243; _builder_version=&#8220;4.9.7&#8243; _module_preset=&#8220;default&#8220; custom_css_main_element=&#8220;box-shadow: none !important;&#8220; global_colors_info=&#8220;{}&#8220;]<\/p>\n<p>Wir gratulieren und freuen uns mit Ihnen. Und wir sind schon sehr gespannt auf Ihre n\u00e4chste Idee.<\/p>\n<p><img loading=\"lazy\" decoding=\"async\" src=\"https:\/\/www.ihf.de\/wp-content\/uploads\/2021\/06\/csm_ergebnisse3@2x_n_e0181104fe-300x300.png\" width=\"300\" height=\"300\" alt=\"\" class=\"wp-image-546 alignnone size-medium\" \/><\/p>\n<p>[\/diti_timeline_item][\/diti_timeline][\/et_pb_column][\/et_pb_row][\/et_pb_section][et_pb_section fb_built=&#8220;1&#8243; _builder_version=&#8220;4.9.4&#8243; background_enable_color=&#8220;off&#8220; custom_padding=&#8220;39px||39px||true|false&#8220; global_module=&#8220;419&#8243; global_colors_info=&#8220;{}&#8220;][et_pb_row column_structure=&#8220;3_4,1_4&#8243; use_custom_gutter=&#8220;on&#8220; gutter_width=&#8220;2&#8243; make_equal=&#8220;on&#8220; _builder_version=&#8220;4.19.1&#8243; background_color=&#8220;#73c3d5&#8243; max_width_tablet=&#8220;90%&#8220; max_width_phone=&#8220;90%&#8220; max_width_last_edited=&#8220;on|desktop&#8220; custom_padding=&#8220;3rem|3rem|3rem|3rem|true|true&#8220; border_radii=&#8220;on|5px|5px|5px|5px&#8220; global_colors_info=&#8220;{}&#8220;][et_pb_column type=&#8220;3_4&#8243; _builder_version=&#8220;4.16&#8243; global_colors_info=&#8220;{}&#8220;][et_pb_text _builder_version=&#8220;4.19.1&#8243; text_font=&#8220;Poppins||||||||&#8220; text_text_color=&#8220;#000000&#8243; text_font_size=&#8220;15px&#8220; text_line_height=&#8220;0.9em&#8220; header_font=&#8220;Poppins|300||on|||||&#8220; header_text_align=&#8220;left&#8220; header_text_color=&#8220;#ffffff&#8220; header_font_size=&#8220;29px&#8220; header_line_height=&#8220;0.9em&#8220; header_2_font=&#8220;Signika||||||||&#8220; header_2_text_color=&#8220;#FFFFFF&#8220; custom_margin=&#8220;0px||0px||false|false&#8220; custom_padding=&#8220;||0px|||&#8220; text_line_height_tablet=&#8220;&#8220; text_line_height_phone=&#8220;1.3em&#8220; text_line_height_last_edited=&#8220;on|desktop&#8220; header_text_align_tablet=&#8220;center&#8220; header_text_align_phone=&#8220;center&#8220; header_text_align_last_edited=&#8220;on|phone&#8220; header_font_size_tablet=&#8220;20px&#8220; header_font_size_phone=&#8220;20px&#8220; header_font_size_last_edited=&#8220;on|phone&#8220; header_line_height_tablet=&#8220;&#8220; header_line_height_phone=&#8220;1.3em&#8220; header_line_height_last_edited=&#8220;on|phone&#8220; global_colors_info=&#8220;{}&#8220; text_line_height__hover_enabled=&#8220;off|desktop&#8220;]<\/p>\n<h2>Lassen Sie uns ins Gespr\u00e4ch kommen!<\/h2>\n<p>[\/et_pb_text][et_pb_text _builder_version=&#8220;4.19.1&#8243; text_font=&#8220;Signika|300|||||||&#8220; text_text_color=&#8220;#FFFFFF&#8220; text_font_size=&#8220;18px&#8220; text_line_height=&#8220;1.6em&#8220; custom_margin=&#8220;0px||-2px||false|false&#8220; custom_margin_tablet=&#8220;-10px||||false|false&#8220; custom_margin_phone=&#8220;-10px||||false|false&#8220; custom_margin_last_edited=&#8220;on|phone&#8220; text_line_height_tablet=&#8220;&#8220; text_line_height_phone=&#8220;1.8em&#8220; text_line_height_last_edited=&#8220;on|desktop&#8220; global_colors_info=&#8220;{}&#8220; text_line_height__hover_enabled=&#8220;off|desktop&#8220;]<\/p>\n<p>Sie m\u00f6chten mehr erfahren, ihr Projekt starten oder haben ein anderes Anliegen?<\/p>\n<p>[\/et_pb_text][\/et_pb_column][et_pb_column type=&#8220;1_4&#8243; _builder_version=&#8220;4.16&#8243; global_colors_info=&#8220;{}&#8220;][et_pb_button button_url=&#8220;\/kontakt#ihf-kontaktieren&#8220; button_text=&#8220;Mehr Erfahren&#8220; button_alignment=&#8220;right&#8220; button_alignment_tablet=&#8220;left&#8220; button_alignment_phone=&#8220;left&#8220; button_alignment_last_edited=&#8220;on|phone&#8220; _builder_version=&#8220;4.19.1&#8243; _module_preset=&#8220;default&#8220; custom_button=&#8220;on&#8220; button_text_size=&#8220;16px&#8220; button_text_color=&#8220;#FFFFFF&#8220; button_bg_color=&#8220;RGBA(0,0,0,0)&#8220; button_border_color=&#8220;#FFFFFF&#8220; button_font=&#8220;|||on|||||&#8220; button_use_icon=&#8220;off&#8220; custom_margin=&#8220;30px||||false|false&#8220; custom_padding=&#8220;10px|30px|10px|30px|true|true&#8220; locked=&#8220;off&#8220; global_colors_info=&#8220;{}&#8220; button_bg_color__hover_enabled=&#8220;on|hover&#8220; button_bg_color__hover=&#8220;#65a1bc&#8220; button_bg_enable_color__hover=&#8220;on&#8220; button_border_width__hover_enabled=&#8220;on|hover&#8220; button_border_width__hover=&#8220;0px&#8220;][\/et_pb_button][\/et_pb_column][\/et_pb_row][\/et_pb_section]<\/p>\n","protected":false},"excerpt":{"rendered":"<p>UNSERE ARBEITSWEISEUnser Experten-Team als starker PartnerUnser Team aus Spezialisten unterst\u00fctzt Sie mit Erfahrung, Einsatz und Flexibilit\u00e4t. Durch langj\u00e4hrige Erfahrung im Feld der klinischen Forschung, aber auch durch stetige Weiterentwicklung und Anpassung an neue Herausforderungen sind wir die optimale Unterst\u00fctzung f\u00fcr Ihr Forschungsvorhaben. Wir finden passende, ma\u00dfgeschneiderte L\u00f6sungen und garantieren dabei eine effiziente Umsetzung und Erreichung Ihrer Ziele. Eine enge Betreuung, sowie standardisiertes Arbeiten nach hohen Qualit\u00e4tsstandards \u00fcber die gesamte Projektlaufzeit, aber auch ein flexibles Reagieren auf t\u00e4gliche Herausforderungen zeichnen unsere Arbeitsweise aus. Damit garantieren wir den Erfolg Ihrer Studie!<div class=\"et_pb_module diti_timeline diti_timeline_0\">\n\t\t\t\t\n\t\t\t\t\n\t\t\t\t\n\t\t\t\t\n\t\t\t\t\n\t\t\t\t\n\t\t\t\t<div class=\"et_pb_module_inner\">\n\t\t\t\t\t<div class=\"et_pb_module diti_divi_timeline\">\r\n          <ul class=\"timeline\">\r\n            \r\n\t\t  <\/ul>\r\n\t\t<\/div> <!-- .diti-divi-timeline -->\n\t\t\t\t<\/div>\n\t\t\t<\/div><div class=\"et_pb_module diti_timeline_item diti_timeline_item_0\">\n\t\t\t\t\n\t\t\t\t\n\t\t\t\t\n\t\t\t\t\n\t\t\t\t\n\t\t\t\t\n\t\t\t\t<div class=\"et_pb_module_inner\">\n\t\t\t\t\t<li class=\"flex-container\">\r\n\t\t\t\t<div class=\"empty-col\"><\/div>\r\n\t\t\t\t<div class=\"timeline-badge \"><span class=\"et-pb-icon timeline-text text-circle text-circle-border\">01<\/span><\/div>\r\n\t\t\t  \t<div class=\"timeline-panel et-waypoint et_pb_animation_top\">\r\n\t\t\t\t\t<div class=\"timeline-heading\">\r\n\t\t\t\t  \t\t<h4 class=\"timeline-title\">Ihr Konzept<\/h4>\r\n\t\t\t\t\t<\/div>\r\n\t\t\t\t\t<div class=\"timeline-body\">\r\n\t\t\t\t  \t\tMit Ihnen zusammen wird aus Ihrer Idee das Konzept f\u00fcr Ihre Studie. Wir erarbeiten gemeinsam mit Ihnen die wissenschaftlichen, methodischen und statistischen Vorgaben f\u00fcr das Studienprotokoll und planen einen Studienverlauf, der zuverl\u00e4ssig realisiert werden kann. Gemeinsam legen wir Kriterien f\u00fcr die Sicherheit der Patienten fest. Wir kl\u00e4ren mit Ihnen, welche Daten f\u00fcr Ihre Studie notwendig sind und entwickeln den entsprechenden Pr\u00fcfbogen mit unserer Software EBogen. Sie erhalten saubere und valide Daten f\u00fcr Ihre Forschung. \r\n\t\t\t\t\t<\/div>\r\n\t\t\t  \t<\/div>\r\n       \t\t <\/li>\n\t\t\t\t<\/div>\n\t\t\t<\/div><div class=\"et_pb_module diti_timeline_item diti_timeline_item_1\">\n\t\t\t\t\n\t\t\t\t\n\t\t\t\t\n\t\t\t\t\n\t\t\t\t\n\t\t\t\t\n\t\t\t\t<div class=\"et_pb_module_inner\">\n\t\t\t\t\t<li class=\"flex-container\">\r\n\t\t\t\t<div class=\"empty-col\"><\/div>\r\n\t\t\t\t<div class=\"timeline-badge \"><span class=\"et-pb-icon timeline-text text-circle text-circle-border\">02<\/span><\/div>\r\n\t\t\t  \t<div class=\"timeline-panel et-waypoint et_pb_animation_top\">\r\n\t\t\t\t\t<div class=\"timeline-heading\">\r\n\t\t\t\t  \t\t<h4 class=\"timeline-title\">Kickoff<\/h4>\r\n\t\t\t\t\t<\/div>\r\n\t\t\t\t\t<div class=\"timeline-body\">\r\n\t\t\t\t  \t\t\r\n\t\t\t\t\t<\/div>\r\n\t\t\t  \t<\/div>\r\n       \t\t <\/li>\n\t\t\t\t<\/div>\n\t\t\t<\/div>Ganz gleich, wie ausgearbeitet Ihre Idee schon ist, [&hellip;]<\/p>\n","protected":false},"author":1,"featured_media":0,"parent":0,"menu_order":0,"comment_status":"closed","ping_status":"closed","template":"","meta":{"_et_pb_use_builder":"on","_et_pb_old_content":"","_et_gb_content_width":"","footnotes":""},"class_list":["post-595","page","type-page","status-publish","hentry"],"_links":{"self":[{"href":"https:\/\/www.ihf.de\/en\/wp-json\/wp\/v2\/pages\/595","targetHints":{"allow":["GET"]}}],"collection":[{"href":"https:\/\/www.ihf.de\/en\/wp-json\/wp\/v2\/pages"}],"about":[{"href":"https:\/\/www.ihf.de\/en\/wp-json\/wp\/v2\/types\/page"}],"author":[{"embeddable":true,"href":"https:\/\/www.ihf.de\/en\/wp-json\/wp\/v2\/users\/1"}],"replies":[{"embeddable":true,"href":"https:\/\/www.ihf.de\/en\/wp-json\/wp\/v2\/comments?post=595"}],"version-history":[{"count":27,"href":"https:\/\/www.ihf.de\/en\/wp-json\/wp\/v2\/pages\/595\/revisions"}],"predecessor-version":[{"id":1137,"href":"https:\/\/www.ihf.de\/en\/wp-json\/wp\/v2\/pages\/595\/revisions\/1137"}],"wp:attachment":[{"href":"https:\/\/www.ihf.de\/en\/wp-json\/wp\/v2\/media?parent=595"}],"curies":[{"name":"wp","href":"https:\/\/api.w.org\/{rel}","templated":true}]}}