{"id":350,"date":"2021-05-23T17:17:27","date_gmt":"2021-05-23T15:17:27","guid":{"rendered":"https:\/\/nwps.ihf.de\/?page_id=350"},"modified":"2024-01-18T10:18:51","modified_gmt":"2024-01-18T09:18:51","slug":"kontakt","status":"publish","type":"page","link":"https:\/\/www.ihf.de\/en\/kontakt\/","title":{"rendered":"Contact"},"content":{"rendered":"<p>[et_pb_section fb_built=&#8220;1&#8243; fullwidth=&#8220;on&#8220; _builder_version=&#8220;4.16&#8243; _module_preset=&#8220;default&#8220; global_colors_info=&#8220;{}&#8220;][et_pb_fullwidth_code _builder_version=&#8220;4.16&#8243; _module_preset=&#8220;default&#8220; global_colors_info=&#8220;{}&#8220;]<iframe loading=\"lazy\" src=\"https:\/\/snazzymaps.com\/embed\/321363\" width=\"100%\" height=\"450px\" style=\"border:none;\"><\/iframe>[\/et_pb_fullwidth_code][\/et_pb_section][et_pb_section fb_built=&#8220;1&#8243; admin_label=&#8220;Featured Products&#8220; _builder_version=&#8220;4.16&#8243; custom_padding=&#8220;50px|0px|25px|0px|false|false&#8220; global_colors_info=&#8220;{}&#8220;][et_pb_row column_structure=&#8220;1_2,1_2&#8243; _builder_version=&#8220;4.16&#8243; custom_padding=&#8220;27px|0px|16px|0px|false|false&#8220; global_colors_info=&#8220;{}&#8220;][et_pb_column type=&#8220;1_2&#8243; _builder_version=&#8220;4.16&#8243; custom_padding=&#8220;|||&#8220; global_colors_info=&#8220;{}&#8220; custom_padding__hover=&#8220;|||&#8220;][et_pb_text _builder_version=&#8220;4.21.0&#8243; text_font=&#8220;|300||on|||||&#8220; text_line_height=&#8220;2em&#8220; link_font=&#8220;|||on|||||&#8220; ul_font=&#8220;|||on|||||&#8220; ol_font=&#8220;|||on|||||&#8220; quote_font=&#8220;|||on|||||&#8220; header_font=&#8220;|600|||||||&#8220; header_font_size=&#8220;32px&#8220; header_line_height=&#8220;1.4em&#8220; header_2_font=&#8220;|600|||||||&#8220; header_2_font_size=&#8220;32px&#8220; header_2_line_height=&#8220;1.4em&#8220; max_width=&#8220;570px&#8220; custom_margin=&#8220;||18px|||&#8220; custom_css_main_element=&#8220;text-transform: none !important;&#8220; global_colors_info=&#8220;{}&#8220;]<\/p>\n<p style=\"text-transform: uppercase;\">Campusplan Klinikum Ludwigshafen<\/p>\n<h2>Ihr Weg zur IHF GmbH<\/h2>\n<p>[\/et_pb_text][et_pb_blurb title=&#8220;Bremserstra\u00dfe 79, 67063 Ludwigshafen&#8220; use_icon=&#8220;on&#8220; font_icon=&#8220;&#xe081;||divi||400&#8243; icon_placement=&#8220;left&#8220; image_icon_width=&#8220;23px&#8220; content_max_width=&#8220;100%&#8220; _builder_version=&#8220;4.23.1&#8243; _module_preset=&#8220;default&#8220; header_font=&#8220;|600|||||||&#8220; header_line_height=&#8220;1.2em&#8220; custom_margin=&#8220;||24px|||&#8220; link_option_url=&#8220;https:\/\/www.google.com\/maps\/dir\/\/IHF%20GmbH%20Bremserstra%C3%9Fe%2079%2067063%20Ludwigshafen%20Deutschland&#8220; link_option_url_new_window=&#8220;on&#8220; icon_font_size=&#8220;23px&#8220; global_colors_info=&#8220;{}&#8220;][\/et_pb_blurb][et_pb_text _builder_version=&#8220;4.16&#8243; text_font=&#8220;Signika|300|||||||&#8220; text_text_color=&#8220;#999999&#8243; max_width_phone=&#8220;none&#8220; max_width_last_edited=&#8220;off|tablet&#8220; module_alignment=&#8220;left&#8220; custom_margin=&#8220;-13px||&#8220; custom_padding=&#8220;0px||&#8220; global_colors_info=&#8220;{}&#8220;]Unsere R\u00e4ume befinden sich in Haus M des Klinikums Ludwigshafen. Mit \u00f6ffentlichen Verkehrsmitteln sind wir gut erreichbar. Sollten Sie das Auto bevorzugen, finden Sie ausreichend Parkm\u00f6glichkeiten vor dem Haupteingang sowie im Parkhaus des Klinikums.[\/et_pb_text][et_pb_button button_url=&#8220;https:\/\/www.google.com\/maps\/dir\/\/IHF%20GmbH%20Bremserstra%C3%9Fe%2079%2067063%20Ludwigshafen%20Deutschland&#8220; url_new_window=&#8220;on&#8220; button_text=&#8220;Route berechnen&#8220; _builder_version=&#8220;4.16&#8243; _module_preset=&#8220;default&#8220; custom_button=&#8220;on&#8220; button_bg_color=&#8220;RGBA(0,0,0,0)&#8220; global_colors_info=&#8220;{}&#8220; button_text_color__hover_enabled=&#8220;on|hover&#8220; button_text_color__hover=&#8220;#FFFFFF&#8220; button_bg_color__hover_enabled=&#8220;on|desktop&#8220; button_bg_color__hover=&#8220;#FF4438&#8243; button_bg_enable_color__hover=&#8220;on&#8220;][\/et_pb_button][\/et_pb_column][et_pb_column type=&#8220;1_2&#8243; _builder_version=&#8220;4.16&#8243; custom_padding=&#8220;|||&#8220; global_colors_info=&#8220;{}&#8220; custom_padding__hover=&#8220;|||&#8220;][et_pb_image src=&#8220;https:\/\/www.ihf.de\/wp-content\/uploads\/2021\/06\/csm_campusplan_bc45c6b655.jpg&#8220; title_text=&#8220;csm_campusplan_bc45c6b655&#8243; _builder_version=&#8220;4.23.4&#8243; _module_preset=&#8220;default&#8220; max_width=&#8220;450px&#8220; module_alignment=&#8220;right&#8220; hover_enabled=&#8220;0&#8243; global_colors_info=&#8220;{}&#8220; show_in_lightbox=&#8220;on&#8220; sticky_enabled=&#8220;0&#8243;][\/et_pb_image][\/et_pb_column][\/et_pb_row][\/et_pb_section][et_pb_section fb_built=&#8220;1&#8243; admin_label=&#8220;Featured Products&#8220; module_id=&#8220;ihf-kontaktieren&#8220; _builder_version=&#8220;4.19.1&#8243; background_color=&#8220;rgba(245,244,242,0.25)&#8220; custom_margin=&#8220;||50px||false|false&#8220; custom_padding=&#8220;20px|0px|30px|0px|false|false&#8220; global_colors_info=&#8220;{}&#8220;][et_pb_row _builder_version=&#8220;4.16&#8243; _module_preset=&#8220;default&#8220; locked=&#8220;off&#8220; global_colors_info=&#8220;{}&#8220;][et_pb_column type=&#8220;4_4&#8243; _builder_version=&#8220;4.16&#8243; _module_preset=&#8220;default&#8220; global_colors_info=&#8220;{}&#8220;][et_pb_text _builder_version=&#8220;4.16&#8243; _module_preset=&#8220;default&#8220; text_font=&#8220;||||||||&#8220; text_line_height=&#8220;2em&#8220; header_font=&#8220;|600|||||||&#8220; header_font_size=&#8220;32px&#8220; header_line_height=&#8220;1.4em&#8220; header_2_font=&#8220;|600|||||||&#8220; header_2_font_size=&#8220;32px&#8220; header_2_line_height=&#8220;1.4em&#8220; global_colors_info=&#8220;{}&#8220;]<\/p>\n<p>KONTAKTIEREN SIE UNS<\/p>\n<h2 class=\"look_blue\">Sie m\u00f6chten mehr erfahren, ihr Projekt starten oder haben ein anderes Anliegen? Lassen Sie uns ins Gespr\u00e4ch kommen.<\/h2>\n<p>[\/et_pb_text][\/et_pb_column][\/et_pb_row][et_pb_row _builder_version=&#8220;4.21.0&#8243; _module_preset=&#8220;default&#8220; locked=&#8220;off&#8220; global_colors_info=&#8220;{}&#8220;][et_pb_column type=&#8220;4_4&#8243; _builder_version=&#8220;4.16&#8243; _module_preset=&#8220;default&#8220; global_colors_info=&#8220;{}&#8220;][et_pb_code _builder_version=&#8220;4.22.1&#8243; _module_preset=&#8220;default&#8220; global_colors_info=&#8220;{}&#8220;]<div class=\"forminator-ui forminator-custom-form forminator-custom-form-1079 forminator-design--material  forminator_ajax\" data-forminator-render=\"0\" data-form=\"forminator-module-1079\" data-uid=\"69f473d12b0ea\"><br\/><\/div><form\r\n\t\t\t\tid=\"forminator-module-1079\"\r\n\t\t\t\tclass=\"forminator-ui forminator-custom-form forminator-custom-form-1079 forminator-design--material  forminator_ajax\"\r\n\t\t\t\tmethod=\"post\"\r\n\t\t\t\tdata-forminator-render=\"0\"\r\n\t\t\t\tdata-form-id=\"1079\"\r\n\t\t\t\t data-color-option=\"default\" data-design=\"material\" data-grid=\"open\" style=\"display: none;\"\r\n\t\t\t\tdata-uid=\"69f473d12b0ea\"\r\n\t\t\t><div role=\"alert\" aria-live=\"polite\" class=\"forminator-response-message forminator-error\" aria-hidden=\"true\"><\/div><div class=\"forminator-row\"><div id=\"name-1\" class=\"forminator-field-name forminator-col forminator-col-6 \"><div class=\"forminator-field\"><label for=\"forminator-field-name-1_69f473d12b0ea\" id=\"forminator-field-name-1_69f473d12b0ea-label\" class=\"forminator-label\">Vorname <span class=\"forminator-required\">*<\/span><\/label><input type=\"text\" name=\"name-1\" value=\"\" placeholder=\"\" id=\"forminator-field-name-1_69f473d12b0ea\" class=\"forminator-input forminator-name--field\" aria-required=\"true\" autocomplete=\"name\" \/><\/div><\/div><div id=\"name-2\" class=\"forminator-field-name forminator-col forminator-col-6 \"><div class=\"forminator-field\"><label for=\"forminator-field-name-2_69f473d12b0ea\" id=\"forminator-field-name-2_69f473d12b0ea-label\" class=\"forminator-label\">Nachname <span class=\"forminator-required\">*<\/span><\/label><input type=\"text\" name=\"name-2\" value=\"\" placeholder=\"\" id=\"forminator-field-name-2_69f473d12b0ea\" class=\"forminator-input forminator-name--field\" aria-required=\"true\" autocomplete=\"name\" \/><\/div><\/div><\/div><div class=\"forminator-row\"><div id=\"email-1\" class=\"forminator-field-email forminator-col forminator-col-6 \"><div class=\"forminator-field\"><label for=\"forminator-field-email-1_69f473d12b0ea\" id=\"forminator-field-email-1_69f473d12b0ea-label\" class=\"forminator-label\">E-Mail-Adresse <span class=\"forminator-required\">*<\/span><\/label><input type=\"email\" name=\"email-1\" value=\"\" placeholder=\"\" id=\"forminator-field-email-1_69f473d12b0ea\" class=\"forminator-input forminator-email--field\" data-required=\"true\" aria-required=\"true\" autocomplete=\"email\" \/><\/div><\/div><div id=\"phone-1\" class=\"forminator-field-phone forminator-col forminator-col-6 \"><div class=\"forminator-field\"><label for=\"forminator-field-phone-1_69f473d12b0ea\" id=\"forminator-field-phone-1_69f473d12b0ea-label\" class=\"forminator-label\">Telefonnummer<\/label><input type=\"text\" name=\"phone-1\" value=\"\" placeholder=\"z. B. +49 3004005000\" id=\"forminator-field-phone-1_69f473d12b0ea\" class=\"forminator-input forminator-field--phone\" data-required=\"\" aria-required=\"false\" autocomplete=\"off\" \/><\/div><\/div><\/div><div class=\"forminator-row\"><div id=\"textarea-1\" class=\"forminator-field-textarea forminator-col forminator-col-12 \"><div class=\"forminator-field\"><label for=\"forminator-field-textarea-1_69f473d12b0ea\" id=\"forminator-field-textarea-1_69f473d12b0ea-label\" class=\"forminator-label\">Ihre Nachricht<\/label><textarea name=\"textarea-1\" placeholder=\"\" id=\"forminator-field-textarea-1_69f473d12b0ea\" class=\"forminator-textarea\" rows=\"6\" style=\"--forminator-textarea-min-height:140px;\" maxlength=\"180\" ><\/textarea><span id=\"forminator-field-textarea-1_69f473d12b0ea-description\" class=\"forminator-description\"><span data-limit=\"180\" data-type=\"characters\" data-editor=\"\">0 \/ 180<\/span><\/span><\/div><\/div><\/div><div class=\"forminator-row\"><div id=\"html-1\" class=\"forminator-field-html forminator-col forminator-col-12 \"><div class=\"forminator-field forminator-merge-tags\" data-field=\"html-1\"><label class=\"forminator-label\">Datenschutz<\/label><p>Bitte beachten Sie unsere <a href=\"\/datenschutz\">Datenschutzerkl\u00e4rung<\/a>.<\/p><\/div><\/div><\/div><input type=\"hidden\" name=\"referer_url\" value=\"\" \/><div class=\"forminator-row forminator-row-last\"><div class=\"forminator-col\"><div class=\"forminator-field\"><div class=\"frc-captcha \" data-sitekey=\"FCMHS3CCVCQGTR3K\" data-lang=\"en\" ><\/div>\n\t\t<noscript>You need to enable Javascript for the anti-spam check.<\/noscript><button class=\"forminator-button forminator-button-submit\"><span>Nachricht senden<\/span><span aria-hidden=\"true\"><\/span><\/button><\/div><\/div><\/div><input type=\"hidden\" id=\"forminator_nonce\" name=\"forminator_nonce\" value=\"b658c7c288\" \/><input type=\"hidden\" name=\"_wp_http_referer\" value=\"\/en\/wp-json\/wp\/v2\/pages\/350\" \/><input type=\"hidden\" name=\"form_id\" value=\"1079\"><input type=\"hidden\" name=\"page_id\" value=\"350\"><input type=\"hidden\" name=\"form_type\" value=\"default\"><input type=\"hidden\" name=\"current_url\" value=\"https:\/\/www.ihf.de\/en\/kontakt\/\"><input type=\"hidden\" name=\"render_id\" value=\"0\"><input type=\"hidden\" name=\"action\" value=\"forminator_submit_form_custom-forms\"><label for=\"input_6\" class=\"forminator-hidden\" aria-hidden=\"true\">Please do not fill in this field. <input id=\"input_6\" type=\"text\" name=\"input_6\" value=\"\" autocomplete=\"off\"><\/label><\/form>[\/et_pb_code][\/et_pb_column][\/et_pb_row][\/et_pb_section][et_pb_section fb_built=&#8220;1&#8243; _builder_version=&#8220;4.16&#8243; background_color=&#8220;rgba(0,0,0,0)&#8220; custom_padding=&#8220;0px||0px||false|false&#8220; global_colors_info=&#8220;{}&#8220;][et_pb_row column_structure=&#8220;1_3,1_3,1_3&#8243; use_custom_gutter=&#8220;on&#8220; gutter_width=&#8220;1&#8243; make_equal=&#8220;on&#8220; _builder_version=&#8220;4.16&#8243; background_color=&#8220;#73C3D5&#8243; z_index=&#8220;999&#8243; custom_padding=&#8220;64px||64px||true|&#8220; border_radii=&#8220;on|5px|5px|5px|5px&#8220; global_colors_info=&#8220;{}&#8220;][et_pb_column type=&#8220;1_3&#8243; _builder_version=&#8220;4.16&#8243; custom_padding=&#8220;|||&#8220; global_colors_info=&#8220;{}&#8220; custom_padding__hover=&#8220;|||&#8220;][et_pb_blurb title=&#8220;Telefon&#8220; use_icon=&#8220;on&#8220; font_icon=&#8220;&#x7a;||divi||400&#8243; icon_color=&#8220;#ffffff&#8220; image_icon_width=&#8220;50px&#8220; _builder_version=&#8220;4.23.1&#8243; header_font=&#8220;PT Sans|700||on|||||&#8220; header_text_align=&#8220;center&#8220; header_text_color=&#8220;#ffffff&#8220; header_font_size=&#8220;18px&#8220; body_font=&#8220;|300|||||||&#8220; body_text_align=&#8220;center&#8220; body_text_color=&#8220;#ffffff&#8220; body_line_height=&#8220;1.8em&#8220; body_link_text_color=&#8220;#FFFFFF&#8220; background_color=&#8220;rgba(56,56,56,0)&#8220; custom_padding=&#8220;0px|33px|0px|33px|true|true&#8220; animation=&#8220;off&#8220; custom_css_blurb_content=&#8220;color: #ffffff !important;&#8220; border_color_all=&#8220;#297FCA&#8220; icon_font_size=&#8220;50px&#8220; global_colors_info=&#8220;{}&#8220; body_text_color__hover_enabled=&#8220;on|hover&#8220; body_text_color__hover=&#8220;#F5F4F2&#8243;]<\/p>\n<p>+49 621 59577 100<\/p>\n<p>[\/et_pb_blurb][\/et_pb_column][et_pb_column type=&#8220;1_3&#8243; _builder_version=&#8220;4.16&#8243; custom_padding=&#8220;|||&#8220; global_colors_info=&#8220;{}&#8220; custom_padding__hover=&#8220;|||&#8220;][et_pb_blurb title=&#8220;Adresse&#8220; use_icon=&#8220;on&#8220; font_icon=&#8220;&#xe01d;||divi||400&#8243; icon_color=&#8220;#ffffff&#8220; image_icon_width=&#8220;50px&#8220; _builder_version=&#8220;4.23.1&#8243; header_font=&#8220;PT Sans|700||on|||||&#8220; header_text_align=&#8220;center&#8220; header_text_color=&#8220;#ffffff&#8220; header_font_size=&#8220;18px&#8220; body_font=&#8220;Signika|300|||||||&#8220; body_text_align=&#8220;center&#8220; body_text_color=&#8220;#ffffff&#8220; body_line_height=&#8220;1.8em&#8220; background_color=&#8220;rgba(56,56,56,0)&#8220; custom_padding=&#8220;0px|33px|0px|33px|true|true&#8220; custom_padding_tablet=&#8220;50px||50px||true|true&#8220; custom_padding_phone=&#8220;50px||50px||true|true&#8220; custom_padding_last_edited=&#8220;on|tablet&#8220; animation=&#8220;off&#8220; border_color_all=&#8220;#297FCA&#8220; border_width_right=&#8220;1px&#8220; border_color_right=&#8220;rgba(226,226,226,0.24)&#8220; border_width_left=&#8220;1px&#8220; border_color_left=&#8220;rgba(226,226,226,0.24)&#8220; icon_font_size=&#8220;50px&#8220; global_colors_info=&#8220;{}&#8220;]<\/p>\n<p>IHF GmbH Institut f\u00fcr Herzinfarktforschung<\/p>\n<p>Bremserstra\u00dfe 79<br \/>67063 Ludwigshafen<\/p>\n<p>[\/et_pb_blurb][\/et_pb_column][et_pb_column type=&#8220;1_3&#8243; _builder_version=&#8220;4.16&#8243; custom_padding=&#8220;|||&#8220; global_colors_info=&#8220;{}&#8220; custom_padding__hover=&#8220;|||&#8220;][et_pb_blurb title=&#8220;E-Mail&#8220; use_icon=&#8220;on&#8220; font_icon=&#8220;&#xe010;||divi||400&#8243; icon_color=&#8220;#ffffff&#8220; image_icon_width=&#8220;50px&#8220; _builder_version=&#8220;4.23.1&#8243; header_font=&#8220;PT Sans|700||on|||||&#8220; header_text_align=&#8220;center&#8220; header_text_color=&#8220;#ffffff&#8220; header_font_size=&#8220;18px&#8220; body_font=&#8220;|300|||||||&#8220; body_text_align=&#8220;center&#8220; body_text_color=&#8220;#FFFFFF&#8220; body_line_height=&#8220;1.8em&#8220; background_color=&#8220;rgba(56,56,56,0)&#8220; custom_padding=&#8220;0px|33px|0px|33px|true|true&#8220; animation=&#8220;off&#8220; border_color_all=&#8220;#297FCA&#8220; border_color_right=&#8220;rgba(226,226,226,0.24)&#8220; border_color_left=&#8220;rgba(226,226,226,0.24)&#8220; icon_font_size=&#8220;50px&#8220; global_colors_info=&#8220;{}&#8220; body_text_color__hover_enabled=&#8220;on|hover&#8220; body_text_color__hover=&#8220;#FFFFFF&#8220;]<\/p>\n<p>forschung@ihf.de<\/p>\n<p>[\/et_pb_blurb][\/et_pb_column][\/et_pb_row][\/et_pb_section]<\/p>\n","protected":false},"excerpt":{"rendered":"<p>Campusplan Klinikum Ludwigshafen Ihr Weg zur IHF GmbHUnsere R\u00e4ume befinden sich in Haus M des Klinikums Ludwigshafen. Mit \u00f6ffentlichen Verkehrsmitteln sind wir gut erreichbar. Sollten Sie das Auto bevorzugen, finden Sie ausreichend Parkm\u00f6glichkeiten vor dem Haupteingang sowie im Parkhaus des Klinikums.KONTAKTIEREN SIE UNS Sie m\u00f6chten mehr erfahren, ihr Projekt starten oder haben ein anderes Anliegen? Lassen Sie uns ins Gespr\u00e4ch kommen.<div class=\"forminator-ui forminator-custom-form forminator-custom-form-1079 forminator-design--material  forminator_ajax\" data-forminator-render=\"1\" data-form=\"forminator-module-1079\" data-uid=\"69f473d1757cb\"><br\/><\/div><form\r\n\t\t\t\tid=\"forminator-module-1079\"\r\n\t\t\t\tclass=\"forminator-ui forminator-custom-form forminator-custom-form-1079 forminator-design--material  forminator_ajax\"\r\n\t\t\t\tmethod=\"post\"\r\n\t\t\t\tdata-forminator-render=\"1\"\r\n\t\t\t\tdata-form-id=\"1079\"\r\n\t\t\t\t data-color-option=\"default\" data-design=\"material\" data-grid=\"open\" style=\"display: none;\"\r\n\t\t\t\tdata-uid=\"69f473d1757cb\" action=\"\"\r\n\t\t\t><div role=\"alert\" aria-live=\"polite\" class=\"forminator-response-message forminator-error\" aria-hidden=\"true\"><\/div><div class=\"forminator-row\"><div id=\"name-1\" class=\"forminator-field-name forminator-col forminator-col-6\"><div class=\"forminator-field\"><label for=\"forminator-field-name-1_69f473d1757cb\" id=\"forminator-field-name-1_69f473d1757cb-label\" class=\"forminator-label\">First name <span class=\"forminator-required\">*<\/span><\/label><input type=\"text\" name=\"name-1\" value=\"\" placeholder=\"\" id=\"forminator-field-name-1_69f473d1757cb\" class=\"forminator-input forminator-name--field\" aria-required=\"true\" autocomplete=\"name\" \/><\/div><\/div><div id=\"name-2\" class=\"forminator-field-name forminator-col forminator-col-6\"><div class=\"forminator-field\"><label for=\"forminator-field-name-2_69f473d1757cb\" id=\"forminator-field-name-2_69f473d1757cb-label\" class=\"forminator-label\">Last name <span class=\"forminator-required\">*<\/span><\/label><input type=\"text\" name=\"name-2\" value=\"\" placeholder=\"\" id=\"forminator-field-name-2_69f473d1757cb\" class=\"forminator-input forminator-name--field\" aria-required=\"true\" autocomplete=\"name\" \/><\/div><\/div><\/div><div class=\"forminator-row\"><div id=\"email-1\" class=\"forminator-field-email forminator-col forminator-col-6\"><div class=\"forminator-field\"><label for=\"forminator-field-email-1_69f473d1757cb\" id=\"forminator-field-email-1_69f473d1757cb-label\" class=\"forminator-label\">e-mail address <span class=\"forminator-required\">*<\/span><\/label><input type=\"email\" name=\"email-1\" value=\"\" placeholder=\"\" id=\"forminator-field-email-1_69f473d1757cb\" class=\"forminator-input forminator-email--field\" data-required=\"true\" aria-required=\"true\" autocomplete=\"email\" \/><\/div><\/div><div id=\"phone-1\" class=\"forminator-field-phone forminator-col forminator-col-6\"><div class=\"forminator-field\"><label for=\"forminator-field-phone-1_69f473d1757cb\" id=\"forminator-field-phone-1_69f473d1757cb-label\" class=\"forminator-label\">Phone<\/label><input type=\"text\" name=\"phone-1\" value=\"\" placeholder=\"z. B. +49 3004005000\" id=\"forminator-field-phone-1_69f473d1757cb\" class=\"forminator-input forminator-field--phone\" data-required=\"\" aria-required=\"false\" autocomplete=\"off\" \/><\/div><\/div><\/div><div class=\"forminator-row\"><div id=\"textarea-1\" class=\"forminator-field-textarea forminator-col forminator-col-12\"><div class=\"forminator-field\"><label for=\"forminator-field-textarea-1_69f473d1757cb\" id=\"forminator-field-textarea-1_69f473d1757cb-label\" class=\"forminator-label\">Your massage<\/label><textarea name=\"textarea-1\" placeholder=\"\" id=\"forminator-field-textarea-1_69f473d1757cb\" class=\"forminator-textarea\" rows=\"6\" style=\"--forminator-textarea-min-height:140px;\" maxlength=\"180\" ><\/textarea><span id=\"forminator-field-textarea-1_69f473d1757cb-description\" class=\"forminator-description\"><span data-limit=\"180\" data-type=\"characters\" data-editor=\"\">0 \/ 180<\/span><\/span><\/div><\/div><\/div><div class=\"forminator-row\"><div id=\"html-1\" class=\"forminator-field-html forminator-col forminator-col-12\"><div class=\"forminator-field forminator-merge-tags\" data-field=\"html-1\"><label class=\"forminator-label\">Data protection<\/label><p>Bitte beachten Sie unsere <a href=\"\/en\/datenschutz\/\">Privacy policy<\/a>.<\/p><\/div><\/div><\/div><input type=\"hidden\" name=\"referer_url\" value=\"\" \/><div class=\"forminator-row forminator-row-last\"><div class=\"forminator-col\"><div class=\"forminator-field\"><div class=\"frc-captcha\" data-sitekey=\"FCMHS3CCVCQGTR3K\" data-lang=\"en\" ><\/div>\n\t\t<noscript>You need to enable Javascript for the anti-spam check.<\/noscript><button class=\"forminator-button forminator-button-submit\"><span>Nachricht senden<\/span><span aria-hidden=\"true\"><\/span><\/button><\/div><\/div><\/div><input type=\"hidden\" id=\"forminator_nonce\" name=\"forminator_nonce\" value=\"b658c7c288\" \/><input type=\"hidden\" name=\"_wp_http_referer\" value=\"\/en\/wp-json\/wp\/v2\/pages\/350\" \/><input type=\"hidden\" name=\"form_id\" value=\"1079\"><input type=\"hidden\" name=\"page_id\" value=\"350\"><input type=\"hidden\" name=\"form_type\" value=\"default\"><input type=\"hidden\" name=\"current_url\" value=\"https:\/\/www.ihf.de\/en\/kontakt\/\"><input type=\"hidden\" name=\"render_id\" value=\"1\"><input type=\"hidden\" name=\"action\" value=\"forminator_submit_form_custom-forms\"><label for=\"input_6\" class=\"forminator-hidden\" aria-hidden=\"true\">Please do not fill in this field. <input id=\"input_6\" type=\"text\" name=\"input_6\" value=\"\" autocomplete=\"off\"><\/label><label for=\"input_6\" class=\"forminator-hidden\" aria-hidden=\"true\">Please do not fill in this field. <input id=\"input_6\" type=\"text\" name=\"input_6\" value=\"\" autocomplete=\"off\"><\/label><input type=\"hidden\" name=\"trp-form-language\" value=\"en\"\/><\/form>+49 621 59577 100IHF GmbH Institut f\u00fcr Herzinfarktforschung Bremserstra\u00dfe 7967063 Ludwigshafenforschung@ihf.de<\/p>","protected":false},"author":1,"featured_media":0,"parent":0,"menu_order":0,"comment_status":"closed","ping_status":"closed","template":"","meta":{"_et_pb_use_builder":"on","_et_pb_old_content":"","_et_gb_content_width":"","footnotes":""},"class_list":["post-350","page","type-page","status-publish","hentry"],"_links":{"self":[{"href":"https:\/\/www.ihf.de\/en\/wp-json\/wp\/v2\/pages\/350","targetHints":{"allow":["GET"]}}],"collection":[{"href":"https:\/\/www.ihf.de\/en\/wp-json\/wp\/v2\/pages"}],"about":[{"href":"https:\/\/www.ihf.de\/en\/wp-json\/wp\/v2\/types\/page"}],"author":[{"embeddable":true,"href":"https:\/\/www.ihf.de\/en\/wp-json\/wp\/v2\/users\/1"}],"replies":[{"embeddable":true,"href":"https:\/\/www.ihf.de\/en\/wp-json\/wp\/v2\/comments?post=350"}],"version-history":[{"count":49,"href":"https:\/\/www.ihf.de\/en\/wp-json\/wp\/v2\/pages\/350\/revisions"}],"predecessor-version":[{"id":1167,"href":"https:\/\/www.ihf.de\/en\/wp-json\/wp\/v2\/pages\/350\/revisions\/1167"}],"wp:attachment":[{"href":"https:\/\/www.ihf.de\/en\/wp-json\/wp\/v2\/media?parent=350"}],"curies":[{"name":"wp","href":"https:\/\/api.w.org\/{rel}","templated":true}]}}